{"id":170,"date":"2023-12-04T13:20:07","date_gmt":"2023-12-04T13:20:07","guid":{"rendered":"https:\/\/immediatealpha.ai\/?page_id=170"},"modified":"2025-12-17T07:34:10","modified_gmt":"2025-12-17T07:34:10","slug":"uber-uns","status":"publish","type":"page","link":"https:\/\/immediatealpha.ai\/de\/about-us\/","title":{"rendered":"\u00dcber uns"},"content":{"rendered":"<div data-elementor-type=\"wp-page\" data-elementor-id=\"170\" class=\"elementor elementor-170\" data-elementor-post-type=\"page\">\n\t\t\t\t<div class=\"elementor-element elementor-element-110270e e-flex e-con-boxed e-con e-parent\" data-id=\"110270e\" data-element_type=\"container\" data-e-type=\"container\" data-settings=\"{&quot;background_background&quot;:&quot;classic&quot;}\">\n\t\t\t\t\t<div class=\"e-con-inner\">\n\t\t\t\t<div class=\"elementor-element elementor-element-ba9408c elementor-widget elementor-widget-heading\" data-id=\"ba9408c\" data-element_type=\"widget\" data-e-type=\"widget\" data-widget_type=\"heading.default\">\n\t\t\t\t\t<h1 class=\"elementor-heading-title elementor-size-default\">Immediate Alpha: \u00dcber uns<\/h1>\t\t\t\t<\/div>\n\t\t\t\t\t<\/div>\n\t\t\t\t<\/div>\n\t\t<div class=\"elementor-element elementor-element-8284eb3 e-flex e-con-boxed e-con e-parent\" data-id=\"8284eb3\" data-element_type=\"container\" data-e-type=\"container\" data-settings=\"{&quot;background_background&quot;:&quot;classic&quot;}\">\n\t\t\t\t\t<div class=\"e-con-inner\">\n\t\t<div class=\"elementor-element elementor-element-114d16b e-con-full e-flex e-con e-child\" data-id=\"114d16b\" data-element_type=\"container\" data-e-type=\"container\">\n\t\t\t\t<div class=\"elementor-element elementor-element-6060ec6 elementor-widget elementor-widget-heading\" data-id=\"6060ec6\" data-element_type=\"widget\" data-e-type=\"widget\" data-widget_type=\"heading.default\">\n\t\t\t\t\t<h2 class=\"elementor-heading-title elementor-size-default\">Was ist die Immediate Alpha App?<\/h2>\t\t\t\t<\/div>\n\t\t\t\t<div class=\"elementor-element elementor-element-a0a86b8 elementor-widget elementor-widget-text-editor\" data-id=\"a0a86b8\" data-element_type=\"widget\" data-e-type=\"widget\" data-widget_type=\"text-editor.default\">\n\t\t\t\t\t\t\t\t\t<p>Wir pr\u00e4sentieren Immediate Alpha, die erstklassige Handelsplattform f\u00fcr digitale W\u00e4hrungen f\u00fcr Mitglieder der Bitcoin Immediate Alpha-Community. Unabh\u00e4ngig davon, ob Sie ein erfahrener H\u00e4ndler oder ein absoluter Anf\u00e4nger sind, ist unsere Plattform so konzipiert, dass sie intuitiv und f\u00fcr jeden zug\u00e4nglich ist.<\/p><p>Entdecken Sie die Vorteile, die es mit sich bringt, Teil unseres digitalen Handelsnetzwerks zu werden \u2013 mit Immediate Alpha entfesseln Sie die Leistungsf\u00e4higkeit fortschrittlicher Tools, die die Datenerfassung verwalten, Marktinformationen pr\u00fcfen und Trades mit absoluter Genauigkeit und Logik durchf\u00fchren. Verabschieden Sie sich von impulsiven Handelsentscheidungen, denn unsere Software ist rund um die Uhr im Einsatz und arbeitet unerm\u00fcdlich zu Ihrem Vorteil.<\/p>\t\t\t\t\t\t\t\t<\/div>\n\t\t\t\t<\/div>\n\t\t<div class=\"elementor-element elementor-element-b352064 e-con-full e-flex e-con e-child\" data-id=\"b352064\" data-element_type=\"container\" data-e-type=\"container\">\n\t\t\t\t<div class=\"elementor-element elementor-element-63c2502 elementor-widget-mobile__width-initial elementor-widget elementor-widget-image\" data-id=\"63c2502\" data-element_type=\"widget\" data-e-type=\"widget\" data-widget_type=\"image.default\">\n\t\t\t\t\t\t\t\t\t\t\t\t\t\t\t<img fetchpriority=\"high\" decoding=\"async\" width=\"800\" height=\"548\" src=\"https:\/\/immediatealpha.ai\/wp-content\/uploads\/2025\/12\/3d-graph_-1024x701_11zon.webp\" class=\"attachment-large size-large wp-image-1879\" alt=\"\" srcset=\"https:\/\/immediatealpha.ai\/wp-content\/uploads\/2025\/12\/3d-graph_-1024x701_11zon.webp 1024w, https:\/\/immediatealpha.ai\/wp-content\/uploads\/2025\/12\/3d-graph_-1024x701_11zon-300x205.webp 300w, https:\/\/immediatealpha.ai\/wp-content\/uploads\/2025\/12\/3d-graph_-1024x701_11zon-768x526.webp 768w, https:\/\/immediatealpha.ai\/wp-content\/uploads\/2025\/12\/3d-graph_-1024x701_11zon-18x12.webp 18w\" sizes=\"(max-width: 800px) 100vw, 800px\" \/>\t\t\t\t\t\t\t\t\t\t\t\t\t\t\t<\/div>\n\t\t\t\t<\/div>\n\t\t\t\t\t<\/div>\n\t\t\t\t<\/div>\n\t\t<div class=\"elementor-element elementor-element-806535b e-flex e-con-boxed e-con e-parent\" data-id=\"806535b\" data-element_type=\"container\" data-e-type=\"container\" data-settings=\"{&quot;background_background&quot;:&quot;classic&quot;}\">\n\t\t\t\t\t<div class=\"e-con-inner\">\n\t\t<div class=\"elementor-element elementor-element-c6c49c7 e-con-full elementor-hidden-mobile e-flex e-con e-child\" data-id=\"c6c49c7\" data-element_type=\"container\" data-e-type=\"container\">\n\t\t\t\t<div class=\"elementor-element elementor-element-d29defc elementor-widget elementor-widget-image\" data-id=\"d29defc\" data-element_type=\"widget\" data-e-type=\"widget\" data-widget_type=\"image.default\">\n\t\t\t\t\t\t\t\t\t\t\t\t\t\t\t<img decoding=\"async\" width=\"800\" height=\"845\" src=\"https:\/\/immediatealpha.ai\/wp-content\/uploads\/2025\/12\/futuristic-robot-interacting-with-money-e1735046664419-970x1024_11zon.webp\" class=\"attachment-large size-large wp-image-1878\" alt=\"\" srcset=\"https:\/\/immediatealpha.ai\/wp-content\/uploads\/2025\/12\/futuristic-robot-interacting-with-money-e1735046664419-970x1024_11zon.webp 970w, https:\/\/immediatealpha.ai\/wp-content\/uploads\/2025\/12\/futuristic-robot-interacting-with-money-e1735046664419-970x1024_11zon-284x300.webp 284w, https:\/\/immediatealpha.ai\/wp-content\/uploads\/2025\/12\/futuristic-robot-interacting-with-money-e1735046664419-970x1024_11zon-768x811.webp 768w, https:\/\/immediatealpha.ai\/wp-content\/uploads\/2025\/12\/futuristic-robot-interacting-with-money-e1735046664419-970x1024_11zon-11x12.webp 11w\" sizes=\"(max-width: 800px) 100vw, 800px\" \/>\t\t\t\t\t\t\t\t\t\t\t\t\t\t\t<\/div>\n\t\t\t\t<\/div>\n\t\t<div class=\"elementor-element elementor-element-130e384 e-con-full e-flex e-con e-child\" data-id=\"130e384\" data-element_type=\"container\" data-e-type=\"container\">\n\t\t\t\t<div class=\"elementor-element elementor-element-751c99d elementor-widget elementor-widget-spacer\" data-id=\"751c99d\" data-element_type=\"widget\" data-e-type=\"widget\" data-widget_type=\"spacer.default\">\n\t\t\t\t\t\t\t<div class=\"elementor-spacer\">\n\t\t\t<div class=\"elementor-spacer-inner\"><\/div>\n\t\t<\/div>\n\t\t\t\t\t\t<\/div>\n\t\t\t\t<div class=\"elementor-element elementor-element-0997e73 elementor-widget elementor-widget-heading\" data-id=\"0997e73\" data-element_type=\"widget\" data-e-type=\"widget\" data-widget_type=\"heading.default\">\n\t\t\t\t\t<h2 class=\"elementor-heading-title elementor-size-default\">Unsere Geschichte <\/h2>\t\t\t\t<\/div>\n\t\t\t\t<div class=\"elementor-element elementor-element-82ee361 elementor-widget elementor-widget-text-editor\" data-id=\"82ee361\" data-element_type=\"widget\" data-e-type=\"widget\" data-widget_type=\"text-editor.default\">\n\t\t\t\t\t\t\t\t\t<p>Immediate Alpha ist nicht nur eine automatisierte Krypto-Handelsplattform, sondern ein lebendiges Netzwerk von H\u00e4ndlern, die durch ihr gemeinsames Interesse an Kryptow\u00e4hrungen verbunden sind. Unsere Benutzer sch\u00e4tzen die Leichtigkeit des automatisierten und lukrativen Krypto-Handels, der ihnen zur Verf\u00fcgung steht.<\/p>\t\t\t\t\t\t\t\t<\/div>\n\t\t<div class=\"elementor-element elementor-element-5f54f80 e-con-full e-flex e-con e-child\" data-id=\"5f54f80\" data-element_type=\"container\" data-e-type=\"container\" data-settings=\"{&quot;background_background&quot;:&quot;classic&quot;}\">\n\t\t\t\t<div class=\"elementor-element elementor-element-76d6fc9 elementor-widget-mobile__width-initial elementor-widget elementor-widget-image\" data-id=\"76d6fc9\" data-element_type=\"widget\" data-e-type=\"widget\" data-widget_type=\"image.default\">\n\t\t\t\t\t\t\t\t\t\t\t\t\t\t\t<img decoding=\"async\" width=\"512\" height=\"512\" src=\"https:\/\/immediatealpha.ai\/wp-content\/uploads\/2024\/12\/roi.webp\" class=\"attachment-full size-full wp-image-1322\" alt=\"roi\" srcset=\"https:\/\/immediatealpha.ai\/wp-content\/uploads\/2024\/12\/roi.webp 512w, https:\/\/immediatealpha.ai\/wp-content\/uploads\/2024\/12\/roi-300x300.webp 300w, https:\/\/immediatealpha.ai\/wp-content\/uploads\/2024\/12\/roi-150x150.webp 150w\" sizes=\"(max-width: 512px) 100vw, 512px\" \/>\t\t\t\t\t\t\t\t\t\t\t\t\t\t\t<\/div>\n\t\t\t\t<div class=\"elementor-element elementor-element-7dc5eca elementor-widget elementor-widget-heading\" data-id=\"7dc5eca\" data-element_type=\"widget\" data-e-type=\"widget\" data-widget_type=\"heading.default\">\n\t\t\t\t\t<h2 class=\"elementor-heading-title elementor-size-default\">Unsere Mission<\/h2>\t\t\t\t<\/div>\n\t\t\t\t<div class=\"elementor-element elementor-element-2650445 elementor-widget elementor-widget-text-editor\" data-id=\"2650445\" data-element_type=\"widget\" data-e-type=\"widget\" data-widget_type=\"text-editor.default\">\n\t\t\t\t\t\t\t\t\t<p>Bei Immediate Alpha glauben wir, dass erfolgreicher Handel auf einer perfekten Balance zwischen Spitzentechnologie und menschlichem Potenzial beruht. Deshalb haben wir eine Plattform entwickelt, die mit fortschrittlichen Tools ausgestattet ist, die die Komplexit\u00e4t des Kryptohandels vereinfachen<\/p>\t\t\t\t\t\t\t\t<\/div>\n\t\t\t\t<\/div>\n\t\t\t\t<\/div>\n\t\t\t\t\t<\/div>\n\t\t\t\t<\/div>\n\t\t\t\t<\/div>","protected":false},"excerpt":{"rendered":"<p>Immediate Alpha: About Us What is Immediate Alpha App? Presenting Immediate Alpha, the top-tier digital currency trading platform for members of the Bitcoin Immediate Alpha community. Regardless of whether you&#8217;re an experienced trader or a complete beginner, our platform is designed to be intuitive and accessible to everyone. Discover the benefits of becoming a part [&hellip;]<\/p>\n","protected":false},"author":1,"featured_media":0,"parent":0,"menu_order":0,"comment_status":"closed","ping_status":"closed","template":"elementor_header_footer","meta":{"footnotes":""},"class_list":["post-170","page","type-page","status-publish","hentry"],"_links":{"self":[{"href":"https:\/\/immediatealpha.ai\/de\/wp-json\/wp\/v2\/pages\/170","targetHints":{"allow":["GET"]}}],"collection":[{"href":"https:\/\/immediatealpha.ai\/de\/wp-json\/wp\/v2\/pages"}],"about":[{"href":"https:\/\/immediatealpha.ai\/de\/wp-json\/wp\/v2\/types\/page"}],"author":[{"embeddable":true,"href":"https:\/\/immediatealpha.ai\/de\/wp-json\/wp\/v2\/users\/1"}],"replies":[{"embeddable":true,"href":"https:\/\/immediatealpha.ai\/de\/wp-json\/wp\/v2\/comments?post=170"}],"version-history":[{"count":145,"href":"https:\/\/immediatealpha.ai\/de\/wp-json\/wp\/v2\/pages\/170\/revisions"}],"predecessor-version":[{"id":1967,"href":"https:\/\/immediatealpha.ai\/de\/wp-json\/wp\/v2\/pages\/170\/revisions\/1967"}],"wp:attachment":[{"href":"https:\/\/immediatealpha.ai\/de\/wp-json\/wp\/v2\/media?parent=170"}],"curies":[{"name":"wp","href":"https:\/\/api.w.org\/{rel}","templated":true}]}}