{"id":210,"date":"2023-12-05T11:26:12","date_gmt":"2023-12-05T11:26:12","guid":{"rendered":"https:\/\/immediatealpha.ai\/?page_id=210"},"modified":"2025-12-12T06:13:08","modified_gmt":"2025-12-12T06:13:08","slug":"geschaftsbedingungen","status":"publish","type":"page","link":"https:\/\/immediatealpha.ai\/de\/terms-and-conditions\/","title":{"rendered":"Gesch\u00e4ftsbedingungen"},"content":{"rendered":"<div data-elementor-type=\"wp-page\" data-elementor-id=\"210\" class=\"elementor elementor-210\" data-elementor-post-type=\"page\">\n\t\t\t\t<div class=\"elementor-element elementor-element-70e6c0a e-flex e-con-boxed e-con e-parent\" data-id=\"70e6c0a\" data-element_type=\"container\" data-e-type=\"container\" data-settings=\"{&quot;background_background&quot;:&quot;classic&quot;}\">\n\t\t\t\t\t<div class=\"e-con-inner\">\n\t\t\t\t<div class=\"elementor-element elementor-element-ac17557 elementor-widget__width-initial elementor-widget elementor-widget-heading\" data-id=\"ac17557\" data-element_type=\"widget\" data-e-type=\"widget\" data-widget_type=\"heading.default\">\n\t\t\t\t\t<h1 class=\"elementor-heading-title elementor-size-default\">Allgemeine Gesch\u00e4ftsbedingungen<\/h1>\t\t\t\t<\/div>\n\t\t\t\t<div class=\"elementor-element elementor-element-1fbd49b elementor-widget-tablet__width-inherit elementor-widget elementor-widget-text-editor\" data-id=\"1fbd49b\" data-element_type=\"widget\" data-e-type=\"widget\" data-widget_type=\"text-editor.default\">\n\t\t\t\t\t\t\t\t\t<p>Willkommen bei Immediate Alpha, Ihrer ersten Adresse f\u00fcr automatisierte Handelssignale. Durch die Nutzung unserer Dienste erkl\u00e4ren Sie sich mit den folgenden Gesch\u00e4ftsbedingungen einverstanden. Bitte lesen Sie sie sorgf\u00e4ltig durch, bevor Sie Transaktionen oder Abonnements abschlie\u00dfen.<\/p>\t\t\t\t\t\t\t\t<\/div>\n\t\t\t\t<div class=\"elementor-element elementor-element-a150e4e elementor-widget__width-initial elementor-widget elementor-widget-heading\" data-id=\"a150e4e\" data-element_type=\"widget\" data-e-type=\"widget\" data-widget_type=\"heading.default\">\n\t\t\t\t\t<h2 class=\"elementor-heading-title elementor-size-default\">Gesch\u00e4ftsbedingungen\n<\/h2>\t\t\t\t<\/div>\n\t\t\t\t<div class=\"elementor-element elementor-element-44df6c0 elementor-widget-tablet__width-inherit elementor-widget elementor-widget-text-editor\" data-id=\"44df6c0\" data-element_type=\"widget\" data-e-type=\"widget\" data-widget_type=\"text-editor.default\">\n\t\t\t\t\t\t\t\t\t<p>Annahme der Bedingungen Indem Sie auf Immediate Alpha zugreifen oder es verwenden, best\u00e4tigen Sie, dass Sie diese Allgemeinen Gesch\u00e4ftsbedingungen gelesen und verstanden haben und sich mit deren Einhaltung einverstanden erkl\u00e4ren. Wenn Sie mit irgendeinem Teil dieser Bedingungen nicht einverstanden sind, d\u00fcrfen Sie unsere Dienste nicht nutzen.<br \/>Beschreibung der Dienste: Immediate Alpha bietet Online-Handelsroboter f\u00fcr verschiedene Finanzm\u00e4rkte. Unsere propriet\u00e4ren Algorithmen generieren Handel auf der Grundlage von Marktanalysen. Bitte beachten Sie jedoch, dass vergangene Leistungen keine Garantie f\u00fcr zuk\u00fcnftige Ergebnisse darstellen und der Handel mit Risiken verbunden ist.<\/p>\t\t\t\t\t\t\t\t<\/div>\n\t\t\t\t<div class=\"elementor-element elementor-element-dfe12a7 elementor-widget-tablet__width-inherit elementor-widget elementor-widget-text-editor\" data-id=\"dfe12a7\" data-element_type=\"widget\" data-e-type=\"widget\" data-widget_type=\"text-editor.default\">\n\t\t\t\t\t\t\t\t\t<p>Benutzerberechtigung Sie m\u00fcssen mindestens 18 Jahre alt und rechtlich befugt sein, Vertr\u00e4ge zur Nutzung unserer Dienste abzuschlie\u00dfen. Durch den Zugriff auf Immediate Alpha best\u00e4tigen Sie, dass Sie diese Anforderungen erf\u00fcllen und f\u00fcr die Einhaltung aller geltenden Gesetze und Vorschriften in Ihrer Gerichtsbarkeit verantwortlich sind.<\/p><p>Abonnement und Zahlung Um auf unsere Roboter-Handelssignale zugreifen zu k\u00f6nnen, m\u00fcssen Sie m\u00f6glicherweise einen unserer Servicepl\u00e4ne abonnieren. Die Abonnementgeb\u00fchren werden auf unserer Website deutlich angegeben und Sie erkl\u00e4ren sich damit einverstanden, die angegebenen Geb\u00fchren f\u00fcr die gew\u00e4hlte Dauer zu zahlen. Zahlungen sind nicht erstattungsf\u00e4hig und Sie sind f\u00fcr alle Steuern oder Geb\u00fchren verantwortlich, die im Zusammenhang mit den Transaktionen anfallen.<\/p>\t\t\t\t\t\t\t\t<\/div>\n\t\t\t\t<div class=\"elementor-element elementor-element-80c50e7 elementor-widget-tablet__width-inherit elementor-widget elementor-widget-text-editor\" data-id=\"80c50e7\" data-element_type=\"widget\" data-e-type=\"widget\" data-widget_type=\"text-editor.default\">\n\t\t\t\t\t\t\t\t\t<p>Risiken und Haftung Der Handel birgt finanzielle Risiken, und obwohl unser Roboter versucht, genaue Informationen zu liefern, k\u00f6nnen wir keine Gewinne garantieren oder Verluste verhindern. Sie erkennen an, dass Sie allein f\u00fcr die Ergebnisse Ihrer Handelsentscheidungen und alle finanziellen Folgen verantwortlich sind, die sich aus der Nutzung unserer Dienste ergeben. Immediate Alpha, seine verbundenen Unternehmen und Mitarbeiter haften nicht f\u00fcr Verluste, die bei der Nutzung unserer Dienste entstehen.<\/p><p>Nur f\u00fcr den pers\u00f6nlichen Gebrauch Die von Immediate Alpha bereitgestellten Signale sind nur f\u00fcr Ihren pers\u00f6nlichen Gebrauch bestimmt. Es ist Ihnen strengstens untersagt, unsere Signale ohne vorherige schriftliche Zustimmung von Immediate Alpha weiterzuverteilen, weiterzuverkaufen oder anderweitig kommerziell zu nutzen.<\/p>\t\t\t\t\t\t\t\t<\/div>\n\t\t\t\t<div class=\"elementor-element elementor-element-0d051de elementor-widget-tablet__width-inherit elementor-widget elementor-widget-text-editor\" data-id=\"0d051de\" data-element_type=\"widget\" data-e-type=\"widget\" data-widget_type=\"text-editor.default\">\n\t\t\t\t\t\t\t\t\t<p>Benutzerverhalten Sie verpflichten sich, unsere Dienste in \u00dcbereinstimmung mit allen geltenden Gesetzen und Vorschriften zu nutzen. Sie d\u00fcrfen keine Aktivit\u00e4ten durchf\u00fchren, die die Funktionalit\u00e4t von Immediate Alpha st\u00f6ren, besch\u00e4digen oder beeintr\u00e4chtigen k\u00f6nnten.<b>\u00a0<\/b>oder die damit verbundenen Dienste.<\/p><p>Geistiges Eigentum Alle Inhalte, einschlie\u00dflich, aber nicht beschr\u00e4nkt auf Logos, Marken, Texte, Bilder und Software, die auf Immediate Alpha verwendet werden, sind durch Gesetze zum Schutz geistigen Eigentums gesch\u00fctzt und das ausschlie\u00dfliche Eigentum von Immediate Alpha oder seinen Lizenzgebern. Sie d\u00fcrfen keine Inhalte ohne unsere ausdr\u00fcckliche schriftliche Zustimmung verwenden, reproduzieren, \u00e4ndern oder verteilen.<\/p><p>Beendigung der Dienste Sofortige Alpha<b>\u00a0<\/b>beh\u00e4lt sich das Recht vor, Ihren Zugriff auf unsere Dienste jederzeit und aus beliebigem Grund auszusetzen oder zu beenden, einschlie\u00dflich bei vermutetem Versto\u00df gegen diese Allgemeinen Gesch\u00e4ftsbedingungen oder bei Beteiligung an betr\u00fcgerischen Aktivit\u00e4ten.<\/p>\t\t\t\t\t\t\t\t<\/div>\n\t\t\t\t<div class=\"elementor-element elementor-element-2766159 elementor-widget-tablet__width-inherit elementor-widget elementor-widget-text-editor\" data-id=\"2766159\" data-element_type=\"widget\" data-e-type=\"widget\" data-widget_type=\"text-editor.default\">\n\t\t\t\t\t\t\t\t\t<p>\u00c4nderungen der Bedingungen Immediate Alpha kann diese Allgemeinen Gesch\u00e4ftsbedingungen jederzeit und ohne vorherige Ank\u00fcndigung aktualisieren oder \u00e4ndern. Indem Sie unsere Dienste nach solchen \u00c4nderungen weiterhin nutzen, erkl\u00e4ren Sie sich mit den aktualisierten Allgemeinen Gesch\u00e4ftsbedingungen einverstanden.<\/p><p>Datenschutzrichtlinie Ihre Privatsph\u00e4re ist uns wichtig. Bitte lesen Sie unsere Datenschutzrichtlinie, um zu erfahren, wie wir Ihre pers\u00f6nlichen Daten sammeln, verwenden und sch\u00fctzen.<\/p><p>Geltendes Recht und Gerichtsbarkeit Diese Allgemeinen Gesch\u00e4ftsbedingungen unterliegen den Gesetzen und werden gem\u00e4\u00df diesen ausgelegt, ungeachtet der Kollisionsnormen. Alle Streitigkeiten, die sich aus diesen Bedingungen ergeben oder damit in Zusammenhang stehen, unterliegen der ausschlie\u00dflichen Zust\u00e4ndigkeit der Gerichte.<\/p><p>Der Handelsalgorithmus-Roboter erfordert die Handelssoftware MetaTrader 5 und einen Brokerservice, um Kauf- und Verkaufsauftr\u00e4ge auszuf\u00fchren und bei Bedarf Liquidit\u00e4t bereitzustellen.<\/p>\t\t\t\t\t\t\t\t<\/div>\n\t\t\t\t<div class=\"elementor-element elementor-element-c5b630a elementor-widget-tablet__width-inherit elementor-widget elementor-widget-text-editor\" data-id=\"c5b630a\" data-element_type=\"widget\" data-e-type=\"widget\" data-widget_type=\"text-editor.default\">\n\t\t\t\t\t\t\t\t\t<p><strong>Der Kunde muss die Gesch\u00e4ftsbedingungen des Maklers lesen und akzeptieren.<\/strong><\/p>\t\t\t\t\t\t\t\t<\/div>\n\t\t\t\t<div class=\"elementor-element elementor-element-adeeb93 elementor-widget-tablet__width-inherit elementor-widget elementor-widget-text-editor\" data-id=\"adeeb93\" data-element_type=\"widget\" data-e-type=\"widget\" data-widget_type=\"text-editor.default\">\n\t\t\t\t\t\t\t\t\t<p>Mit der Nutzung von Immediate Alpha stimmen Sie diesen Allgemeinen Gesch\u00e4ftsbedingungen zu. Wir freuen uns darauf, Ihnen einen Roboter-Handelsservice anbieten zu k\u00f6nnen. Bei Fragen oder Anliegen wenden Sie sich bitte an unseren Kundendienst unter <strong><a href=\"mailto:support@immediatealpha.ai\">support@immediatealpha.ai<\/a><\/strong><\/p>\t\t\t\t\t\t\t\t<\/div>\n\t\t\t\t\t<\/div>\n\t\t\t\t<\/div>\n\t\t\t\t<\/div>","protected":false},"excerpt":{"rendered":"<p>Terms &amp; Conditions Welcome to Immediate Alpha, your premier destination for automated robot trading signals. By using our services, you agree to be bound by the following Terms and Conditions. Please read them carefully before proceeding with any transactions or subscriptions. Terms and Conditions Acceptance of Terms By accessing or using Immediate Alpha, you acknowledge [&hellip;]<\/p>\n","protected":false},"author":1,"featured_media":0,"parent":0,"menu_order":0,"comment_status":"closed","ping_status":"closed","template":"elementor_header_footer","meta":{"footnotes":""},"class_list":["post-210","page","type-page","status-publish","hentry"],"_links":{"self":[{"href":"https:\/\/immediatealpha.ai\/de\/wp-json\/wp\/v2\/pages\/210","targetHints":{"allow":["GET"]}}],"collection":[{"href":"https:\/\/immediatealpha.ai\/de\/wp-json\/wp\/v2\/pages"}],"about":[{"href":"https:\/\/immediatealpha.ai\/de\/wp-json\/wp\/v2\/types\/page"}],"author":[{"embeddable":true,"href":"https:\/\/immediatealpha.ai\/de\/wp-json\/wp\/v2\/users\/1"}],"replies":[{"embeddable":true,"href":"https:\/\/immediatealpha.ai\/de\/wp-json\/wp\/v2\/comments?post=210"}],"version-history":[{"count":55,"href":"https:\/\/immediatealpha.ai\/de\/wp-json\/wp\/v2\/pages\/210\/revisions"}],"predecessor-version":[{"id":1899,"href":"https:\/\/immediatealpha.ai\/de\/wp-json\/wp\/v2\/pages\/210\/revisions\/1899"}],"wp:attachment":[{"href":"https:\/\/immediatealpha.ai\/de\/wp-json\/wp\/v2\/media?parent=210"}],"curies":[{"name":"wp","href":"https:\/\/api.w.org\/{rel}","templated":true}]}}