{"id":216,"date":"2023-12-05T11:40:44","date_gmt":"2023-12-05T11:40:44","guid":{"rendered":"https:\/\/immediatealpha.ai\/?page_id=216"},"modified":"2025-12-12T06:12:13","modified_gmt":"2025-12-12T06:12:13","slug":"datenschutzrichtlinie","status":"publish","type":"page","link":"https:\/\/immediatealpha.ai\/de\/privacy-policy\/","title":{"rendered":"Datenschutzrichtlinie"},"content":{"rendered":"<div data-elementor-type=\"wp-page\" data-elementor-id=\"216\" class=\"elementor elementor-216\" data-elementor-post-type=\"page\">\n\t\t\t\t<div class=\"elementor-element elementor-element-ccb7219 e-flex e-con-boxed e-con e-parent\" data-id=\"ccb7219\" data-element_type=\"container\" data-e-type=\"container\" data-settings=\"{&quot;background_background&quot;:&quot;classic&quot;}\">\n\t\t\t\t\t<div class=\"e-con-inner\">\n\t\t<div class=\"elementor-element elementor-element-f9cff46 e-flex e-con-boxed e-con e-child\" data-id=\"f9cff46\" data-element_type=\"container\" data-e-type=\"container\" data-settings=\"{&quot;background_background&quot;:&quot;classic&quot;}\">\n\t\t\t\t\t<div class=\"e-con-inner\">\n\t\t\t\t<div class=\"elementor-element elementor-element-69b419f elementor-widget__width-initial elementor-widget elementor-widget-heading\" data-id=\"69b419f\" data-element_type=\"widget\" data-e-type=\"widget\" data-widget_type=\"heading.default\">\n\t\t\t\t\t<h1 class=\"elementor-heading-title elementor-size-default\">Datenschutzrichtlinie<\/h1>\t\t\t\t<\/div>\n\t\t\t\t<div class=\"elementor-element elementor-element-18be79e elementor-widget-tablet__width-inherit elementor-widget elementor-widget-text-editor\" data-id=\"18be79e\" data-element_type=\"widget\" data-e-type=\"widget\" data-widget_type=\"text-editor.default\">\n\t\t\t\t\t\t\t\t\t<p>Diese Datenschutzrichtlinie gilt f\u00fcr Immediate Alpha (im Folgenden \u201eAnwendung\u201c genannt) f\u00fcr Mobilger\u00e4te (im Folgenden \u201eDienstanbieter\u201c genannt) als kostenlosen Dienst. Dieser Dienst ist f\u00fcr die Nutzung \u201eWIE BESEHEN\u201c vorgesehen.<\/p>\t\t\t\t\t\t\t\t<\/div>\n\t\t\t\t<div class=\"elementor-element elementor-element-d1e52e9 elementor-widget__width-initial elementor-widget elementor-widget-heading\" data-id=\"d1e52e9\" data-element_type=\"widget\" data-e-type=\"widget\" data-widget_type=\"heading.default\">\n\t\t\t\t\t<h2 class=\"elementor-heading-title elementor-size-default\">Von uns erfasste Informationen\n<\/h2>\t\t\t\t<\/div>\n\t\t\t\t<div class=\"elementor-element elementor-element-1f07a3a elementor-widget-tablet__width-inherit elementor-widget elementor-widget-text-editor\" data-id=\"1f07a3a\" data-element_type=\"widget\" data-e-type=\"widget\" data-widget_type=\"text-editor.default\">\n\t\t\t\t\t\t\t\t\t<p>Die pers\u00f6nlichen Daten, die Sie angeben m\u00fcssen, und die Gr\u00fcnde, warum Sie dazu aufgefordert werden, werden Ihnen zum Zeitpunkt der Aufforderung zur Angabe Ihrer pers\u00f6nlichen Daten klar mitgeteilt. Wenn Sie uns direkt kontaktieren, erhalten wir m\u00f6glicherweise zus\u00e4tzliche Informationen \u00fcber Sie, wie Ihren Namen, Ihre E-Mail-Adresse, Ihre Telefonnummer, den Inhalt der Nachricht und\/oder Anh\u00e4nge, die Sie uns senden, und alle anderen Informationen, die Sie uns m\u00f6glicherweise zur Verf\u00fcgung stellen. Wenn Sie sich f\u00fcr ein Konto registrieren, fragen wir Sie m\u00f6glicherweise nach Ihren Kontaktinformationen, einschlie\u00dflich Angaben wie Name, Firmenname, Adresse, E-Mail-Adresse und Telefonnummer.<\/p>\t\t\t\t\t\t\t\t<\/div>\n\t\t\t\t<div class=\"elementor-element elementor-element-c45a347 elementor-widget__width-initial elementor-widget elementor-widget-heading\" data-id=\"c45a347\" data-element_type=\"widget\" data-e-type=\"widget\" data-widget_type=\"heading.default\">\n\t\t\t\t\t<h2 class=\"elementor-heading-title elementor-size-default\">Erfassung und Verwendung von Informationen\n<\/h2>\t\t\t\t<\/div>\n\t\t\t\t<div class=\"elementor-element elementor-element-d855726 elementor-widget-tablet__width-inherit elementor-widget elementor-widget-text-editor\" data-id=\"d855726\" data-element_type=\"widget\" data-e-type=\"widget\" data-widget_type=\"text-editor.default\">\n\t\t\t\t\t\t\t\t\t<p>Die Anwendung sammelt Informationen, wenn Sie sie herunterladen und verwenden. Diese Informationen k\u00f6nnen Informationen enthalten wie<\/p><ul><li>Die Internetprotokolladresse Ihres Ger\u00e4ts (z. B. IP-Adresse)<\/li><li>Der Zeitaufwand f\u00fcr die Bewerbung<\/li><li>Das Betriebssystem, das Sie auf Ihrem Mobilger\u00e4t verwenden\u00a0<\/li><\/ul><p>Die Anwendung sammelt keine genauen Informationen \u00fcber den Standort Ihres Mobilger\u00e4ts.\u00a0<\/p><p>Der Dienstanbieter kann die von Ihnen bereitgestellten Informationen verwenden, um Sie von Zeit zu Zeit zu kontaktieren und Ihnen wichtige Informationen, erforderliche Mitteilungen und Marketingaktionen zukommen zu lassen.<\/p><p>Um Ihnen bei der Nutzung der Anwendung ein besseres Erlebnis zu bieten, kann der Dienstanbieter von Ihnen verlangen, uns bestimmte personenbezogene Daten mitzuteilen, darunter, aber nicht beschr\u00e4nkt auf, Vorname, Nachname, E-Mail-Adresse und Telefonnummer. Die vom Dienstanbieter angeforderten Informationen werden von ihm gespeichert und wie in dieser Datenschutzrichtlinie beschrieben verwendet.<\/p>\t\t\t\t\t\t\t\t<\/div>\n\t\t\t\t<div class=\"elementor-element elementor-element-9c18dd9 elementor-widget__width-initial elementor-widget elementor-widget-heading\" data-id=\"9c18dd9\" data-element_type=\"widget\" data-e-type=\"widget\" data-widget_type=\"heading.default\">\n\t\t\t\t\t<h2 class=\"elementor-heading-title elementor-size-default\">Zugriff durch Dritte\n<\/h2>\t\t\t\t<\/div>\n\t\t\t\t<div class=\"elementor-element elementor-element-49d000d elementor-widget-tablet__width-inherit elementor-widget elementor-widget-text-editor\" data-id=\"49d000d\" data-element_type=\"widget\" data-e-type=\"widget\" data-widget_type=\"text-editor.default\">\n\t\t\t\t\t\t\t\t\tEs werden regelm\u00e4\u00dfig nur aggregierte, anonymisierte Daten an externe Dienste \u00fcbermittelt, um den Dienstanbieter bei der Verbesserung der Anwendung und seines Dienstes zu unterst\u00fctzen. Der Dienstanbieter kann Ihre Daten gem\u00e4\u00df den in dieser Datenschutzerkl\u00e4rung beschriebenen Verfahren an Dritte weitergeben.\n\nBitte beachten Sie, dass die Anwendung Dienste von Drittanbietern nutzt, die \u00fcber eigene Datenschutzrichtlinien zum Umgang mit Daten verf\u00fcgen. Nachfolgend finden Sie Links zu den Datenschutzrichtlinien der von der Anwendung genutzten Drittanbieter:\n<ul>\n \t<li>Google Play-Dienste<\/span><\/li>\n<\/ul>\nDer Dienstanbieter kann vom Benutzer bereitgestellte und automatisch erfasste Informationen offenlegen:\n<ul>\n \t<li>wie gesetzlich vorgeschrieben, beispielsweise um einer Vorladung oder einem \u00e4hnlichen Rechtsverfahren nachzukommen;<\/li>\n \t<li>wenn sie in gutem Glauben davon ausgehen, dass die Offenlegung zum Schutz ihrer Rechte, zum Schutz Ihrer Sicherheit oder der Sicherheit anderer, zur Untersuchung von Betrugsf\u00e4llen oder zur Beantwortung einer beh\u00f6rdlichen Anfrage erforderlich ist;<\/li>\n \t<li>mit ihren vertrauensw\u00fcrdigen Dienstleistern, die in ihrem Auftrag arbeiten, keinen eigenst\u00e4ndigen Gebrauch von den Informationen machen, die wir ihnen offenlegen, und sich bereit erkl\u00e4rt haben, die in dieser Datenschutzerkl\u00e4rung dargelegten Regeln einzuhalten.<\/li>\n<\/ul>\t\t\t\t\t\t\t\t<\/div>\n\t\t\t\t<div class=\"elementor-element elementor-element-b5036a4 elementor-widget__width-initial elementor-widget elementor-widget-heading\" data-id=\"b5036a4\" data-element_type=\"widget\" data-e-type=\"widget\" data-widget_type=\"heading.default\">\n\t\t\t\t\t<h2 class=\"elementor-heading-title elementor-size-default\">Opt-Out-Rechte\n<\/h2>\t\t\t\t<\/div>\n\t\t\t\t<div class=\"elementor-element elementor-element-616646a elementor-widget-tablet__width-inherit elementor-widget elementor-widget-text-editor\" data-id=\"616646a\" data-element_type=\"widget\" data-e-type=\"widget\" data-widget_type=\"text-editor.default\">\n\t\t\t\t\t\t\t\t\tSie k\u00f6nnen die Erfassung aller Informationen durch die Anwendung ganz einfach stoppen, indem Sie sie deinstallieren. Sie k\u00f6nnen die standardm\u00e4\u00dfigen Deinstallationsprozesse verwenden, die m\u00f6glicherweise als Teil Ihres Mobilger\u00e4ts oder \u00fcber den Marktplatz oder das Netzwerk f\u00fcr mobile Anwendungen verf\u00fcgbar sind.\n\n\t\t\t\t\t\t\t\t<\/div>\n\t\t\t\t<div class=\"elementor-element elementor-element-9975331 elementor-widget__width-initial elementor-widget elementor-widget-heading\" data-id=\"9975331\" data-element_type=\"widget\" data-e-type=\"widget\" data-widget_type=\"heading.default\">\n\t\t\t\t\t<h2 class=\"elementor-heading-title elementor-size-default\">Richtlinie zur Datenaufbewahrung\n<\/h2>\t\t\t\t<\/div>\n\t\t\t\t<div class=\"elementor-element elementor-element-6719d53 elementor-widget-tablet__width-inherit elementor-widget elementor-widget-text-editor\" data-id=\"6719d53\" data-element_type=\"widget\" data-e-type=\"widget\" data-widget_type=\"text-editor.default\">\n\t\t\t\t\t\t\t\t\t<p>Der Dienstanbieter speichert vom Benutzer bereitgestellte Daten, solange Sie die Anwendung nutzen, und f\u00fcr einen angemessenen Zeitraum danach. Wenn Sie m\u00f6chten, dass der Dienstanbieter vom Benutzer bereitgestellte Daten l\u00f6scht, die Sie \u00fcber die Anwendung bereitgestellt haben, kontaktieren Sie ihn bitte unter <strong><a href=\"mailto:support@immediatealpha.ai\">support@immediatealpha.ai<\/a><\/strong> und sie werden innerhalb einer angemessenen Zeit antworten.<\/p>\t\t\t\t\t\t\t\t<\/div>\n\t\t\t\t<div class=\"elementor-element elementor-element-933efc2 elementor-widget__width-initial elementor-widget elementor-widget-heading\" data-id=\"933efc2\" data-element_type=\"widget\" data-e-type=\"widget\" data-widget_type=\"heading.default\">\n\t\t\t\t\t<h2 class=\"elementor-heading-title elementor-size-default\">Kinder<\/h2>\t\t\t\t<\/div>\n\t\t\t\t<div class=\"elementor-element elementor-element-2035c87 elementor-widget-tablet__width-inherit elementor-widget elementor-widget-text-editor\" data-id=\"2035c87\" data-element_type=\"widget\" data-e-type=\"widget\" data-widget_type=\"text-editor.default\">\n\t\t\t\t\t\t\t\t\t<p>Der Dienstanbieter nutzt die Anwendung nicht, um wissentlich Daten von Kindern unter 18 Jahren anzufordern oder an diese zu vermarkten.<\/p><p>Die Anwendung richtet sich nicht an Personen unter 18 Jahren. Der Dienstanbieter erhebt wissentlich keine personenbezogenen Daten von Kindern unter 18 Jahren. Sollte der Dienstanbieter feststellen, dass ein Kind unter 18 Jahren personenbezogene Daten \u00fcbermittelt hat, l\u00f6scht er diese umgehend von seinen Servern. Wenn Sie als Elternteil oder Erziehungsberechtigter wissen, dass Ihr Kind uns personenbezogene Daten \u00fcbermittelt hat, wenden Sie sich bitte an den Dienstanbieter.<span style=\"color: #0000ff;\"><a href=\"mailto:support@immediatealpha.ai\"><strong>support@immediatealpha.a<\/strong>i<\/a><\/span>), damit sie die erforderlichen Ma\u00dfnahmen ergreifen k\u00f6nnen.<\/p>\t\t\t\t\t\t\t\t<\/div>\n\t\t\t\t<div class=\"elementor-element elementor-element-068f60b elementor-widget__width-initial elementor-widget elementor-widget-heading\" data-id=\"068f60b\" data-element_type=\"widget\" data-e-type=\"widget\" data-widget_type=\"heading.default\">\n\t\t\t\t\t<h2 class=\"elementor-heading-title elementor-size-default\">Sicherheit\n<\/h2>\t\t\t\t<\/div>\n\t\t\t\t<div class=\"elementor-element elementor-element-1c85a67 elementor-widget-tablet__width-inherit elementor-widget elementor-widget-text-editor\" data-id=\"1c85a67\" data-element_type=\"widget\" data-e-type=\"widget\" data-widget_type=\"text-editor.default\">\n\t\t\t\t\t\t\t\t\tDer Dienstanbieter legt Wert auf die Wahrung der Vertraulichkeit Ihrer Daten. Der Dienstanbieter bietet physische, elektronische und verfahrenstechnische Sicherheitsvorkehrungen zum Schutz der von ihm verarbeiteten und verwalteten Daten.\n\n\t\t\t\t\t\t\t\t<\/div>\n\t\t\t\t<div class=\"elementor-element elementor-element-ee69d7e elementor-widget__width-initial elementor-widget elementor-widget-heading\" data-id=\"ee69d7e\" data-element_type=\"widget\" data-e-type=\"widget\" data-widget_type=\"heading.default\">\n\t\t\t\t\t<h2 class=\"elementor-heading-title elementor-size-default\">\u00c4nderungen\n<\/h2>\t\t\t\t<\/div>\n\t\t\t\t<div class=\"elementor-element elementor-element-25dac7a elementor-widget-tablet__width-inherit elementor-widget elementor-widget-text-editor\" data-id=\"25dac7a\" data-element_type=\"widget\" data-e-type=\"widget\" data-widget_type=\"text-editor.default\">\n\t\t\t\t\t\t\t\t\t<p>Diese Datenschutzrichtlinie kann von Zeit zu Zeit aus beliebigen Gr\u00fcnden aktualisiert werden. Der Dienstanbieter wird Sie \u00fcber alle \u00c4nderungen der Datenschutzrichtlinie informieren, indem er diese Seite mit der neuen Datenschutzrichtlinie aktualisiert. Es wird Ihnen empfohlen, diese Datenschutzrichtlinie regelm\u00e4\u00dfig auf \u00c4nderungen zu \u00fcberpr\u00fcfen, da die fortgesetzte Nutzung als Zustimmung zu allen \u00c4nderungen gilt.<\/p>\t\t\t\t\t\t\t\t<\/div>\n\t\t\t\t<div class=\"elementor-element elementor-element-a3bf428 elementor-widget__width-initial elementor-widget elementor-widget-heading\" data-id=\"a3bf428\" data-element_type=\"widget\" data-e-type=\"widget\" data-widget_type=\"heading.default\">\n\t\t\t\t\t<h2 class=\"elementor-heading-title elementor-size-default\">Ihr Einverst\u00e4ndnis\n<\/h2>\t\t\t\t<\/div>\n\t\t\t\t<div class=\"elementor-element elementor-element-2a90f7a elementor-widget-tablet__width-inherit elementor-widget elementor-widget-text-editor\" data-id=\"2a90f7a\" data-element_type=\"widget\" data-e-type=\"widget\" data-widget_type=\"text-editor.default\">\n\t\t\t\t\t\t\t\t\t<p>Indem Sie die Anwendung verwenden, stimmen Sie der Verarbeitung Ihrer Daten gem\u00e4\u00df dieser aktuellen und von uns ge\u00e4nderten Datenschutzrichtlinie zu.<\/p>\t\t\t\t\t\t\t\t<\/div>\n\t\t\t\t<div class=\"elementor-element elementor-element-1f45ac7 elementor-widget__width-initial elementor-widget elementor-widget-heading\" data-id=\"1f45ac7\" data-element_type=\"widget\" data-e-type=\"widget\" data-widget_type=\"heading.default\">\n\t\t\t\t\t<h2 class=\"elementor-heading-title elementor-size-default\">Kontaktieren Sie uns\n<\/h2>\t\t\t\t<\/div>\n\t\t\t\t<div class=\"elementor-element elementor-element-b7c3dad elementor-widget-tablet__width-inherit elementor-widget elementor-widget-text-editor\" data-id=\"b7c3dad\" data-element_type=\"widget\" data-e-type=\"widget\" data-widget_type=\"text-editor.default\">\n\t\t\t\t\t\t\t\t\t<p>Wenn Sie Fragen zum Datenschutz bei der Nutzung der Anwendung haben oder Fragen zu den Praktiken haben, wenden Sie sich bitte per E-Mail an den Dienstanbieter unter <strong><a href=\"mailto:support@immediatealpha.ai\">support@immediatealpha.ai<\/a><\/strong><\/p>\t\t\t\t\t\t\t\t<\/div>\n\t\t\t\t\t<\/div>\n\t\t\t\t<\/div>\n\t\t\t\t\t<\/div>\n\t\t\t\t<\/div>\n\t\t\t\t<\/div>","protected":false},"excerpt":{"rendered":"<p>Privacy Policy This privacy policy applies to the Immediate Alpha (hereby referred to as \u201cApplication\u201d) for mobile devices (hereby referred to as \u201cService Provider\u201d) as a Free service. This service is intended for use \u201cAS IS\u201d. Information we collect The personal information that you are asked to provide, and the reasons why you are asked [&hellip;]<\/p>\n","protected":false},"author":1,"featured_media":0,"parent":0,"menu_order":0,"comment_status":"closed","ping_status":"closed","template":"elementor_header_footer","meta":{"footnotes":""},"class_list":["post-216","page","type-page","status-publish","hentry"],"_links":{"self":[{"href":"https:\/\/immediatealpha.ai\/de\/wp-json\/wp\/v2\/pages\/216","targetHints":{"allow":["GET"]}}],"collection":[{"href":"https:\/\/immediatealpha.ai\/de\/wp-json\/wp\/v2\/pages"}],"about":[{"href":"https:\/\/immediatealpha.ai\/de\/wp-json\/wp\/v2\/types\/page"}],"author":[{"embeddable":true,"href":"https:\/\/immediatealpha.ai\/de\/wp-json\/wp\/v2\/users\/1"}],"replies":[{"embeddable":true,"href":"https:\/\/immediatealpha.ai\/de\/wp-json\/wp\/v2\/comments?post=216"}],"version-history":[{"count":73,"href":"https:\/\/immediatealpha.ai\/de\/wp-json\/wp\/v2\/pages\/216\/revisions"}],"predecessor-version":[{"id":1896,"href":"https:\/\/immediatealpha.ai\/de\/wp-json\/wp\/v2\/pages\/216\/revisions\/1896"}],"wp:attachment":[{"href":"https:\/\/immediatealpha.ai\/de\/wp-json\/wp\/v2\/media?parent=216"}],"curies":[{"name":"wp","href":"https:\/\/api.w.org\/{rel}","templated":true}]}}