{"id":210,"date":"2023-12-05T11:26:12","date_gmt":"2023-12-05T11:26:12","guid":{"rendered":"https:\/\/immediatealpha.ai\/?page_id=210"},"modified":"2025-12-12T06:13:08","modified_gmt":"2025-12-12T06:13:08","slug":"terminos-y-condiciones","status":"publish","type":"page","link":"https:\/\/immediatealpha.ai\/es\/terms-and-conditions\/","title":{"rendered":"T\u00e9rminos y condiciones"},"content":{"rendered":"<div data-elementor-type=\"wp-page\" data-elementor-id=\"210\" class=\"elementor elementor-210\" data-elementor-post-type=\"page\">\n\t\t\t\t<div class=\"elementor-element elementor-element-70e6c0a e-flex e-con-boxed e-con e-parent\" data-id=\"70e6c0a\" data-element_type=\"container\" data-e-type=\"container\" data-settings=\"{&quot;background_background&quot;:&quot;classic&quot;}\">\n\t\t\t\t\t<div class=\"e-con-inner\">\n\t\t\t\t<div class=\"elementor-element elementor-element-ac17557 elementor-widget__width-initial elementor-widget elementor-widget-heading\" data-id=\"ac17557\" data-element_type=\"widget\" data-e-type=\"widget\" data-widget_type=\"heading.default\">\n\t\t\t\t\t<h1 class=\"elementor-heading-title elementor-size-default\">T\u00e9rminos y condiciones<\/h1>\t\t\t\t<\/div>\n\t\t\t\t<div class=\"elementor-element elementor-element-1fbd49b elementor-widget-tablet__width-inherit elementor-widget elementor-widget-text-editor\" data-id=\"1fbd49b\" data-element_type=\"widget\" data-e-type=\"widget\" data-widget_type=\"text-editor.default\">\n\t\t\t\t\t\t\t\t\t<p>Bienvenido a Immediate Alpha, su principal destino para se\u00f1ales de trading automatizadas a trav\u00e9s de robots. Al utilizar nuestros servicios, usted acepta los siguientes T\u00e9rminos y condiciones. L\u00e9alos detenidamente antes de realizar cualquier transacci\u00f3n o suscripci\u00f3n.<\/p>\t\t\t\t\t\t\t\t<\/div>\n\t\t\t\t<div class=\"elementor-element elementor-element-a150e4e elementor-widget__width-initial elementor-widget elementor-widget-heading\" data-id=\"a150e4e\" data-element_type=\"widget\" data-e-type=\"widget\" data-widget_type=\"heading.default\">\n\t\t\t\t\t<h2 class=\"elementor-heading-title elementor-size-default\">T\u00e9rminos y condiciones\n<\/h2>\t\t\t\t<\/div>\n\t\t\t\t<div class=\"elementor-element elementor-element-44df6c0 elementor-widget-tablet__width-inherit elementor-widget elementor-widget-text-editor\" data-id=\"44df6c0\" data-element_type=\"widget\" data-e-type=\"widget\" data-widget_type=\"text-editor.default\">\n\t\t\t\t\t\t\t\t\t<p>Aceptaci\u00f3n de los T\u00e9rminos Al acceder o utilizar Immediate Alpha, usted reconoce que ha le\u00eddo, comprendido y acepta cumplir con estos T\u00e9rminos y Condiciones. Si no est\u00e1 de acuerdo con alguna parte de estos t\u00e9rminos, no debe utilizar nuestros servicios.<br \/>Descripci\u00f3n de los servicios: Immediate Alpha ofrece robots de operaciones en l\u00ednea para diversos mercados financieros. Nuestros algoritmos patentados generan operaciones en funci\u00f3n del an\u00e1lisis del mercado. Sin embargo, tenga en cuenta que el rendimiento pasado no garantiza resultados futuros y que las operaciones implican riesgos.<\/p>\t\t\t\t\t\t\t\t<\/div>\n\t\t\t\t<div class=\"elementor-element elementor-element-dfe12a7 elementor-widget-tablet__width-inherit elementor-widget elementor-widget-text-editor\" data-id=\"dfe12a7\" data-element_type=\"widget\" data-e-type=\"widget\" data-widget_type=\"text-editor.default\">\n\t\t\t\t\t\t\t\t\t<p>Requisitos de elegibilidad del usuario Debe tener al menos 18 a\u00f1os y ser legalmente elegible para celebrar contratos para utilizar nuestros servicios. Al acceder a Immediate Alpha, confirma que cumple con estos requisitos y es responsable de cumplir con las leyes y regulaciones aplicables en su jurisdicci\u00f3n.<\/p><p>Suscripci\u00f3n y pago Para acceder a nuestras se\u00f1ales de trading rob\u00f3ticas, es posible que se le pida que se suscriba a uno de nuestros planes de servicio. Las tarifas de suscripci\u00f3n se indicar\u00e1n claramente en nuestro sitio web y usted acepta pagar las tarifas especificadas durante la duraci\u00f3n elegida. Los pagos no son reembolsables y usted es responsable de los impuestos o cargos incurridos en relaci\u00f3n con las transacciones.<\/p>\t\t\t\t\t\t\t\t<\/div>\n\t\t\t\t<div class=\"elementor-element elementor-element-80c50e7 elementor-widget-tablet__width-inherit elementor-widget elementor-widget-text-editor\" data-id=\"80c50e7\" data-element_type=\"widget\" data-e-type=\"widget\" data-widget_type=\"text-editor.default\">\n\t\t\t\t\t\t\t\t\t<p>Riesgos y responsabilidades Las operaciones comerciales implican riesgos financieros y, si bien nuestro robot tiene como objetivo proporcionar informaci\u00f3n precisa, no podemos garantizar ganancias ni evitar p\u00e9rdidas. Usted reconoce que es el \u00fanico responsable de los resultados de sus decisiones comerciales y de las consecuencias financieras que resulten del uso de nuestros servicios. Immediate Alpha, sus afiliados y empleados no ser\u00e1n responsables de las p\u00e9rdidas incurridas durante el uso de nuestros servicios.<\/p><p>Solo para uso personal Las se\u00f1ales proporcionadas por Immediate Alpha son solo para su uso personal. Tiene estrictamente prohibido redistribuir, revender o explotar comercialmente de otro modo nuestras se\u00f1ales sin el consentimiento previo por escrito de Immediate Alpha.<\/p>\t\t\t\t\t\t\t\t<\/div>\n\t\t\t\t<div class=\"elementor-element elementor-element-0d051de elementor-widget-tablet__width-inherit elementor-widget elementor-widget-text-editor\" data-id=\"0d051de\" data-element_type=\"widget\" data-e-type=\"widget\" data-widget_type=\"text-editor.default\">\n\t\t\t\t\t\t\t\t\t<p>Conducta del usuario Usted acepta utilizar nuestros servicios de conformidad con todas las leyes y regulaciones aplicables. No debe participar en ninguna actividad que pueda interrumpir, da\u00f1ar o perjudicar la funcionalidad de Immediate Alpha.<b>\u00a0<\/b>o sus servicios asociados.<\/p><p>Propiedad intelectual Todo el contenido, incluidos, entre otros, logotipos, marcas comerciales, textos, im\u00e1genes y software utilizados en Immediate Alpha, est\u00e1 protegido por las leyes de propiedad intelectual y es propiedad exclusiva de Immediate Alpha o sus licenciantes. No puede usar, reproducir, modificar ni distribuir ning\u00fan contenido sin nuestro consentimiento expreso por escrito.<\/p><p>Terminaci\u00f3n de Servicios Inmediata Alpha<b>\u00a0<\/b>se reserva el derecho de suspender o terminar su acceso a nuestros servicios en cualquier momento y por cualquier motivo, incluida la sospecha de violaci\u00f3n de estos T\u00e9rminos y Condiciones o la participaci\u00f3n en actividades fraudulentas.<\/p>\t\t\t\t\t\t\t\t<\/div>\n\t\t\t\t<div class=\"elementor-element elementor-element-2766159 elementor-widget-tablet__width-inherit elementor-widget elementor-widget-text-editor\" data-id=\"2766159\" data-element_type=\"widget\" data-e-type=\"widget\" data-widget_type=\"text-editor.default\">\n\t\t\t\t\t\t\t\t\t<p>Modificaciones de los T\u00e9rminos y Condiciones Immediate Alpha puede actualizar o modificar estos T\u00e9rminos y Condiciones en cualquier momento sin previo aviso. Si contin\u00faa utilizando nuestros servicios despu\u00e9s de dichos cambios, acepta estar sujeto a los T\u00e9rminos y Condiciones actualizados.<\/p><p>Pol\u00edtica de privacidad Su privacidad es importante para nosotros. Consulte nuestra Pol\u00edtica de privacidad para comprender c\u00f3mo recopilamos, usamos y protegemos su informaci\u00f3n personal.<\/p><p>Ley aplicable y jurisdicci\u00f3n Estos T\u00e9rminos y condiciones se regir\u00e1n e interpretar\u00e1n de conformidad con las leyes, sin tener en cuenta los principios de conflicto de leyes. Cualquier disputa que surja de estos t\u00e9rminos o est\u00e9 relacionada con ellos estar\u00e1 sujeta a la jurisdicci\u00f3n exclusiva de los tribunales.<\/p><p>El robot con algoritmo comercial requiere el software comercial MetaTrader 5 y un servicio de br\u00f3ker para ejecutar \u00f3rdenes de compra y venta y proporcionar liquidez cuando sea necesario.<\/p>\t\t\t\t\t\t\t\t<\/div>\n\t\t\t\t<div class=\"elementor-element elementor-element-c5b630a elementor-widget-tablet__width-inherit elementor-widget elementor-widget-text-editor\" data-id=\"c5b630a\" data-element_type=\"widget\" data-e-type=\"widget\" data-widget_type=\"text-editor.default\">\n\t\t\t\t\t\t\t\t\t<p><strong>El cliente debe leer y aceptar los t\u00e9rminos y condiciones del broker.<\/strong><\/p>\t\t\t\t\t\t\t\t<\/div>\n\t\t\t\t<div class=\"elementor-element elementor-element-adeeb93 elementor-widget-tablet__width-inherit elementor-widget elementor-widget-text-editor\" data-id=\"adeeb93\" data-element_type=\"widget\" data-e-type=\"widget\" data-widget_type=\"text-editor.default\">\n\t\t\t\t\t\t\t\t\t<p>Al usar Immediate Alpha, acepta estos T\u00e9rminos y Condiciones, y esperamos poder ofrecerle un servicio de trading automatizado. Si tiene alguna pregunta o inquietud, comun\u00edquese con nuestro equipo de atenci\u00f3n al cliente en <strong><a href=\"mailto:support@immediatealpha.ai\">support@immediatealpha.ai<\/a><\/strong><\/p>\t\t\t\t\t\t\t\t<\/div>\n\t\t\t\t\t<\/div>\n\t\t\t\t<\/div>\n\t\t\t\t<\/div>","protected":false},"excerpt":{"rendered":"<p>Terms &amp; Conditions Welcome to Immediate Alpha, your premier destination for automated robot trading signals. By using our services, you agree to be bound by the following Terms and Conditions. Please read them carefully before proceeding with any transactions or subscriptions. Terms and Conditions Acceptance of Terms By accessing or using Immediate Alpha, you acknowledge [&hellip;]<\/p>\n","protected":false},"author":1,"featured_media":0,"parent":0,"menu_order":0,"comment_status":"closed","ping_status":"closed","template":"elementor_header_footer","meta":{"footnotes":""},"class_list":["post-210","page","type-page","status-publish","hentry"],"_links":{"self":[{"href":"https:\/\/immediatealpha.ai\/es\/wp-json\/wp\/v2\/pages\/210","targetHints":{"allow":["GET"]}}],"collection":[{"href":"https:\/\/immediatealpha.ai\/es\/wp-json\/wp\/v2\/pages"}],"about":[{"href":"https:\/\/immediatealpha.ai\/es\/wp-json\/wp\/v2\/types\/page"}],"author":[{"embeddable":true,"href":"https:\/\/immediatealpha.ai\/es\/wp-json\/wp\/v2\/users\/1"}],"replies":[{"embeddable":true,"href":"https:\/\/immediatealpha.ai\/es\/wp-json\/wp\/v2\/comments?post=210"}],"version-history":[{"count":55,"href":"https:\/\/immediatealpha.ai\/es\/wp-json\/wp\/v2\/pages\/210\/revisions"}],"predecessor-version":[{"id":1899,"href":"https:\/\/immediatealpha.ai\/es\/wp-json\/wp\/v2\/pages\/210\/revisions\/1899"}],"wp:attachment":[{"href":"https:\/\/immediatealpha.ai\/es\/wp-json\/wp\/v2\/media?parent=210"}],"curies":[{"name":"wp","href":"https:\/\/api.w.org\/{rel}","templated":true}]}}