{"id":216,"date":"2023-12-05T11:40:44","date_gmt":"2023-12-05T11:40:44","guid":{"rendered":"https:\/\/immediatealpha.ai\/?page_id=216"},"modified":"2025-12-12T06:12:13","modified_gmt":"2025-12-12T06:12:13","slug":"politica-de-privacidad","status":"publish","type":"page","link":"https:\/\/immediatealpha.ai\/es\/privacy-policy\/","title":{"rendered":"pol\u00edtica de privacidad"},"content":{"rendered":"<div data-elementor-type=\"wp-page\" data-elementor-id=\"216\" class=\"elementor elementor-216\" data-elementor-post-type=\"page\">\n\t\t\t\t<div class=\"elementor-element elementor-element-ccb7219 e-flex e-con-boxed e-con e-parent\" data-id=\"ccb7219\" data-element_type=\"container\" data-e-type=\"container\" data-settings=\"{&quot;background_background&quot;:&quot;classic&quot;}\">\n\t\t\t\t\t<div class=\"e-con-inner\">\n\t\t<div class=\"elementor-element elementor-element-f9cff46 e-flex e-con-boxed e-con e-child\" data-id=\"f9cff46\" data-element_type=\"container\" data-e-type=\"container\" data-settings=\"{&quot;background_background&quot;:&quot;classic&quot;}\">\n\t\t\t\t\t<div class=\"e-con-inner\">\n\t\t\t\t<div class=\"elementor-element elementor-element-69b419f elementor-widget__width-initial elementor-widget elementor-widget-heading\" data-id=\"69b419f\" data-element_type=\"widget\" data-e-type=\"widget\" data-widget_type=\"heading.default\">\n\t\t\t\t\t<h1 class=\"elementor-heading-title elementor-size-default\">pol\u00edtica de privacidad<\/h1>\t\t\t\t<\/div>\n\t\t\t\t<div class=\"elementor-element elementor-element-18be79e elementor-widget-tablet__width-inherit elementor-widget elementor-widget-text-editor\" data-id=\"18be79e\" data-element_type=\"widget\" data-e-type=\"widget\" data-widget_type=\"text-editor.default\">\n\t\t\t\t\t\t\t\t\t<p>Esta pol\u00edtica de privacidad se aplica a Immediate Alpha (en adelante, la \u201cAplicaci\u00f3n\u201d) para dispositivos m\u00f3viles (en adelante, el \u201cProveedor de servicios\u201d) como servicio gratuito. Este servicio est\u00e1 destinado a utilizarse \u201cTAL CUAL\u201d.<\/p>\t\t\t\t\t\t\t\t<\/div>\n\t\t\t\t<div class=\"elementor-element elementor-element-d1e52e9 elementor-widget__width-initial elementor-widget elementor-widget-heading\" data-id=\"d1e52e9\" data-element_type=\"widget\" data-e-type=\"widget\" data-widget_type=\"heading.default\">\n\t\t\t\t\t<h2 class=\"elementor-heading-title elementor-size-default\">Informaci\u00f3n que recopilamos\n<\/h2>\t\t\t\t<\/div>\n\t\t\t\t<div class=\"elementor-element elementor-element-1f07a3a elementor-widget-tablet__width-inherit elementor-widget elementor-widget-text-editor\" data-id=\"1f07a3a\" data-element_type=\"widget\" data-e-type=\"widget\" data-widget_type=\"text-editor.default\">\n\t\t\t\t\t\t\t\t\t<p>La informaci\u00f3n personal que se le solicita y las razones por las que se le solicita que la proporcione se le explicar\u00e1n en el momento en que le solicitemos que proporcione su informaci\u00f3n personal. Si se comunica con nosotros directamente, es posible que recibamos informaci\u00f3n adicional sobre usted, como su nombre, direcci\u00f3n de correo electr\u00f3nico, n\u00famero de tel\u00e9fono, el contenido del mensaje y\/o los archivos adjuntos que nos env\u00ede y cualquier otra informaci\u00f3n que elija proporcionar. Cuando se registra para obtener una cuenta, es posible que le pidamos su informaci\u00f3n de contacto, incluidos elementos como el nombre, el nombre de la empresa, la direcci\u00f3n, la direcci\u00f3n de correo electr\u00f3nico y el n\u00famero de tel\u00e9fono.<\/p>\t\t\t\t\t\t\t\t<\/div>\n\t\t\t\t<div class=\"elementor-element elementor-element-c45a347 elementor-widget__width-initial elementor-widget elementor-widget-heading\" data-id=\"c45a347\" data-element_type=\"widget\" data-e-type=\"widget\" data-widget_type=\"heading.default\">\n\t\t\t\t\t<h2 class=\"elementor-heading-title elementor-size-default\">Recopilaci\u00f3n y uso de informaci\u00f3n\n<\/h2>\t\t\t\t<\/div>\n\t\t\t\t<div class=\"elementor-element elementor-element-d855726 elementor-widget-tablet__width-inherit elementor-widget elementor-widget-text-editor\" data-id=\"d855726\" data-element_type=\"widget\" data-e-type=\"widget\" data-widget_type=\"text-editor.default\">\n\t\t\t\t\t\t\t\t\t<p>La Aplicaci\u00f3n recopila informaci\u00f3n cuando la descargas y la utilizas. Esta informaci\u00f3n puede incluir informaci\u00f3n como:<\/p><ul><li>La direcci\u00f3n de protocolo de Internet de su dispositivo (por ejemplo, direcci\u00f3n IP)<\/li><li>El tiempo dedicado a la Aplicaci\u00f3n<\/li><li>El sistema operativo que utilizas en tu dispositivo m\u00f3vil\u00a0<\/li><\/ul><p>La Aplicaci\u00f3n no recopila informaci\u00f3n precisa sobre la ubicaci\u00f3n de su dispositivo m\u00f3vil.\u00a0<\/p><p>El Proveedor de Servicios podr\u00e1 utilizar la informaci\u00f3n que usted proporcion\u00f3 para contactarlo de vez en cuando para brindarle informaci\u00f3n importante, avisos requeridos y promociones de marketing.<\/p><p>Para una mejor experiencia, al utilizar la Aplicaci\u00f3n, el Proveedor de Servicios puede solicitarle que nos proporcione cierta informaci\u00f3n de identificaci\u00f3n personal, que incluye, entre otros, Nombre, Apellido, Correo electr\u00f3nico y N\u00famero de tel\u00e9fono. La informaci\u00f3n que solicite el Proveedor de Servicios ser\u00e1 retenida por ellos y utilizada como se describe en esta pol\u00edtica de privacidad.<\/p>\t\t\t\t\t\t\t\t<\/div>\n\t\t\t\t<div class=\"elementor-element elementor-element-9c18dd9 elementor-widget__width-initial elementor-widget elementor-widget-heading\" data-id=\"9c18dd9\" data-element_type=\"widget\" data-e-type=\"widget\" data-widget_type=\"heading.default\">\n\t\t\t\t\t<h2 class=\"elementor-heading-title elementor-size-default\">Acceso de terceros\n<\/h2>\t\t\t\t<\/div>\n\t\t\t\t<div class=\"elementor-element elementor-element-49d000d elementor-widget-tablet__width-inherit elementor-widget elementor-widget-text-editor\" data-id=\"49d000d\" data-element_type=\"widget\" data-e-type=\"widget\" data-widget_type=\"text-editor.default\">\n\t\t\t\t\t\t\t\t\tSolo se transmiten peri\u00f3dicamente datos agregados y an\u00f3nimos a servicios externos para ayudar al Proveedor de Servicios a mejorar la Aplicaci\u00f3n y su servicio. El Proveedor de Servicios podr\u00eda compartir su informaci\u00f3n con terceros seg\u00fan lo descrito en esta pol\u00edtica de privacidad.\n\nTenga en cuenta que la Aplicaci\u00f3n utiliza servicios de terceros que tienen su propia Pol\u00edtica de Privacidad sobre el tratamiento de datos. A continuaci\u00f3n, encontrar\u00e1 los enlaces a la Pol\u00edtica de Privacidad de los proveedores de servicios externos utilizados por la Aplicaci\u00f3n:\n<ul>\n \t<li>Servicios de Google Play<\/span><\/li>\n<\/ul>\nLe fournisseur de services peut divulguer les informations fournies par l'utilisateur et collect\u00e9es automatiquement :\n<ul>\n \t<li>seg\u00fan lo requiera la ley, como para cumplir con una citaci\u00f3n o un proceso legal similar;<\/li>\n \t<li>cuando creen de buena fe que la divulgaci\u00f3n es necesaria para proteger sus derechos, proteger su seguridad o la seguridad de otros, investigar un fraude o responder a una solicitud del gobierno;<\/li>\n \t<li>con sus proveedores de servicios de confianza que trabajan en su nombre, no tienen un uso independiente de la informaci\u00f3n que les divulgamos y han acordado cumplir con las reglas establecidas en esta declaraci\u00f3n de privacidad.<\/li>\n<\/ul>\t\t\t\t\t\t\t\t<\/div>\n\t\t\t\t<div class=\"elementor-element elementor-element-b5036a4 elementor-widget__width-initial elementor-widget elementor-widget-heading\" data-id=\"b5036a4\" data-element_type=\"widget\" data-e-type=\"widget\" data-widget_type=\"heading.default\">\n\t\t\t\t\t<h2 class=\"elementor-heading-title elementor-size-default\">Derechos de exclusi\u00f3n voluntaria\n<\/h2>\t\t\t\t<\/div>\n\t\t\t\t<div class=\"elementor-element elementor-element-616646a elementor-widget-tablet__width-inherit elementor-widget elementor-widget-text-editor\" data-id=\"616646a\" data-element_type=\"widget\" data-e-type=\"widget\" data-widget_type=\"text-editor.default\">\n\t\t\t\t\t\t\t\t\tPuede detener f\u00e1cilmente la recopilaci\u00f3n de informaci\u00f3n por parte de la Aplicaci\u00f3n desinstal\u00e1ndola. Puede utilizar los procesos de desinstalaci\u00f3n est\u00e1ndar que est\u00e9n disponibles en su dispositivo m\u00f3vil o a trav\u00e9s de la tienda o red de aplicaciones m\u00f3viles.\n\n\t\t\t\t\t\t\t\t<\/div>\n\t\t\t\t<div class=\"elementor-element elementor-element-9975331 elementor-widget__width-initial elementor-widget elementor-widget-heading\" data-id=\"9975331\" data-element_type=\"widget\" data-e-type=\"widget\" data-widget_type=\"heading.default\">\n\t\t\t\t\t<h2 class=\"elementor-heading-title elementor-size-default\">Pol\u00edtica de retenci\u00f3n de datos\n<\/h2>\t\t\t\t<\/div>\n\t\t\t\t<div class=\"elementor-element elementor-element-6719d53 elementor-widget-tablet__width-inherit elementor-widget elementor-widget-text-editor\" data-id=\"6719d53\" data-element_type=\"widget\" data-e-type=\"widget\" data-widget_type=\"text-editor.default\">\n\t\t\t\t\t\t\t\t\t<p>El Proveedor de Servicios conservar\u00e1 los datos proporcionados por el Usuario durante el tiempo que utilice la Aplicaci\u00f3n y durante un tiempo razonable despu\u00e9s de ello. Si desea que eliminen los Datos proporcionados por el Usuario que haya proporcionado a trav\u00e9s de la Aplicaci\u00f3n, comun\u00edquese con ellos a trav\u00e9s de <strong><a href=\"mailto:support@immediatealpha.ai\">support@immediatealpha.ai<\/a><\/strong> Y ellas responder\u00e1n en un tiempo razonable.<\/p>\t\t\t\t\t\t\t\t<\/div>\n\t\t\t\t<div class=\"elementor-element elementor-element-933efc2 elementor-widget__width-initial elementor-widget elementor-widget-heading\" data-id=\"933efc2\" data-element_type=\"widget\" data-e-type=\"widget\" data-widget_type=\"heading.default\">\n\t\t\t\t\t<h2 class=\"elementor-heading-title elementor-size-default\">Kinder<\/h2>\t\t\t\t<\/div>\n\t\t\t\t<div class=\"elementor-element elementor-element-2035c87 elementor-widget-tablet__width-inherit elementor-widget elementor-widget-text-editor\" data-id=\"2035c87\" data-element_type=\"widget\" data-e-type=\"widget\" data-widget_type=\"text-editor.default\">\n\t\t\t\t\t\t\t\t\t<p>El Proveedor de Servicios no utiliza la Aplicaci\u00f3n para solicitar deliberadamente datos de ni\u00f1os menores de 18 a\u00f1os ni comercializar con ellos.<\/p><p>La Aplicaci\u00f3n no est\u00e1 dirigida a menores de 18 a\u00f1os. El Proveedor de Servicios no recopila deliberadamente informaci\u00f3n personal identificable de menores de 18 a\u00f1os. En caso de que el Proveedor de Servicios descubra que un menor de 18 a\u00f1os ha proporcionado informaci\u00f3n personal, la eliminar\u00e1 inmediatamente de sus servidores. Si usted es padre, madre o tutor y sabe que su hijo nos ha proporcionado informaci\u00f3n personal, p\u00f3ngase en contacto con el Proveedor de Servicios.<span style=\"color: #0000ff;\"><a href=\"mailto:support@immediatealpha.ai\"><strong>support@immediatealpha.a<\/strong>i<\/a><\/span>) para que puedan tomar las medidas necesarias.<\/p>\t\t\t\t\t\t\t\t<\/div>\n\t\t\t\t<div class=\"elementor-element elementor-element-068f60b elementor-widget__width-initial elementor-widget elementor-widget-heading\" data-id=\"068f60b\" data-element_type=\"widget\" data-e-type=\"widget\" data-widget_type=\"heading.default\">\n\t\t\t\t\t<h2 class=\"elementor-heading-title elementor-size-default\">Seguridad\n<\/h2>\t\t\t\t<\/div>\n\t\t\t\t<div class=\"elementor-element elementor-element-1c85a67 elementor-widget-tablet__width-inherit elementor-widget elementor-widget-text-editor\" data-id=\"1c85a67\" data-element_type=\"widget\" data-e-type=\"widget\" data-widget_type=\"text-editor.default\">\n\t\t\t\t\t\t\t\t\tEl Proveedor de Servicios se preocupa por salvaguardar la confidencialidad de su informaci\u00f3n. El Proveedor de Servicios proporciona salvaguardas f\u00edsicas, electr\u00f3nicas y de procedimiento para proteger la informaci\u00f3n que procesa y mantiene.\n\n\t\t\t\t\t\t\t\t<\/div>\n\t\t\t\t<div class=\"elementor-element elementor-element-ee69d7e elementor-widget__width-initial elementor-widget elementor-widget-heading\" data-id=\"ee69d7e\" data-element_type=\"widget\" data-e-type=\"widget\" data-widget_type=\"heading.default\">\n\t\t\t\t\t<h2 class=\"elementor-heading-title elementor-size-default\">Cambios\n<\/h2>\t\t\t\t<\/div>\n\t\t\t\t<div class=\"elementor-element elementor-element-25dac7a elementor-widget-tablet__width-inherit elementor-widget elementor-widget-text-editor\" data-id=\"25dac7a\" data-element_type=\"widget\" data-e-type=\"widget\" data-widget_type=\"text-editor.default\">\n\t\t\t\t\t\t\t\t\t<p>Esta Pol\u00edtica de privacidad puede actualizarse de vez en cuando por cualquier motivo. El Proveedor de servicios le notificar\u00e1 cualquier cambio en la Pol\u00edtica de privacidad actualizando esta p\u00e1gina con la nueva Pol\u00edtica de privacidad. Se recomienda consultar esta Pol\u00edtica de privacidad peri\u00f3dicamente para conocer los cambios, ya que el uso continuo se considera la aprobaci\u00f3n de todos los cambios.<\/p>\t\t\t\t\t\t\t\t<\/div>\n\t\t\t\t<div class=\"elementor-element elementor-element-a3bf428 elementor-widget__width-initial elementor-widget elementor-widget-heading\" data-id=\"a3bf428\" data-element_type=\"widget\" data-e-type=\"widget\" data-widget_type=\"heading.default\">\n\t\t\t\t\t<h2 class=\"elementor-heading-title elementor-size-default\">Su consentimiento\n<\/h2>\t\t\t\t<\/div>\n\t\t\t\t<div class=\"elementor-element elementor-element-2a90f7a elementor-widget-tablet__width-inherit elementor-widget elementor-widget-text-editor\" data-id=\"2a90f7a\" data-element_type=\"widget\" data-e-type=\"widget\" data-widget_type=\"text-editor.default\">\n\t\t\t\t\t\t\t\t\t<p>Al utilizar la Aplicaci\u00f3n, usted acepta el procesamiento de su informaci\u00f3n tal como se establece en esta Pol\u00edtica de Privacidad ahora y seg\u00fan sea modificada por nosotros.<\/p>\t\t\t\t\t\t\t\t<\/div>\n\t\t\t\t<div class=\"elementor-element elementor-element-1f45ac7 elementor-widget__width-initial elementor-widget elementor-widget-heading\" data-id=\"1f45ac7\" data-element_type=\"widget\" data-e-type=\"widget\" data-widget_type=\"heading.default\">\n\t\t\t\t\t<h2 class=\"elementor-heading-title elementor-size-default\">Contacta con nosotras\n<\/h2>\t\t\t\t<\/div>\n\t\t\t\t<div class=\"elementor-element elementor-element-b7c3dad elementor-widget-tablet__width-inherit elementor-widget elementor-widget-text-editor\" data-id=\"b7c3dad\" data-element_type=\"widget\" data-e-type=\"widget\" data-widget_type=\"text-editor.default\">\n\t\t\t\t\t\t\t\t\t<p>Si tiene alguna pregunta sobre la privacidad mientras usa la Aplicaci\u00f3n, o tiene preguntas sobre las pr\u00e1cticas, comun\u00edquese con el Proveedor de Servicios por correo electr\u00f3nico a <strong><a href=\"mailto:support@immediatealpha.ai\">support@immediatealpha.ai<\/a><\/strong><\/p>\t\t\t\t\t\t\t\t<\/div>\n\t\t\t\t\t<\/div>\n\t\t\t\t<\/div>\n\t\t\t\t\t<\/div>\n\t\t\t\t<\/div>\n\t\t\t\t<\/div>","protected":false},"excerpt":{"rendered":"<p>Privacy Policy This privacy policy applies to the Immediate Alpha (hereby referred to as \u201cApplication\u201d) for mobile devices (hereby referred to as \u201cService Provider\u201d) as a Free service. This service is intended for use \u201cAS IS\u201d. Information we collect The personal information that you are asked to provide, and the reasons why you are asked [&hellip;]<\/p>\n","protected":false},"author":1,"featured_media":0,"parent":0,"menu_order":0,"comment_status":"closed","ping_status":"closed","template":"elementor_header_footer","meta":{"footnotes":""},"class_list":["post-216","page","type-page","status-publish","hentry"],"_links":{"self":[{"href":"https:\/\/immediatealpha.ai\/es\/wp-json\/wp\/v2\/pages\/216","targetHints":{"allow":["GET"]}}],"collection":[{"href":"https:\/\/immediatealpha.ai\/es\/wp-json\/wp\/v2\/pages"}],"about":[{"href":"https:\/\/immediatealpha.ai\/es\/wp-json\/wp\/v2\/types\/page"}],"author":[{"embeddable":true,"href":"https:\/\/immediatealpha.ai\/es\/wp-json\/wp\/v2\/users\/1"}],"replies":[{"embeddable":true,"href":"https:\/\/immediatealpha.ai\/es\/wp-json\/wp\/v2\/comments?post=216"}],"version-history":[{"count":73,"href":"https:\/\/immediatealpha.ai\/es\/wp-json\/wp\/v2\/pages\/216\/revisions"}],"predecessor-version":[{"id":1896,"href":"https:\/\/immediatealpha.ai\/es\/wp-json\/wp\/v2\/pages\/216\/revisions\/1896"}],"wp:attachment":[{"href":"https:\/\/immediatealpha.ai\/es\/wp-json\/wp\/v2\/media?parent=216"}],"curies":[{"name":"wp","href":"https:\/\/api.w.org\/{rel}","templated":true}]}}