{"id":170,"date":"2023-12-04T13:20:07","date_gmt":"2023-12-04T13:20:07","guid":{"rendered":"https:\/\/immediatealpha.ai\/?page_id=170"},"modified":"2025-12-17T07:34:10","modified_gmt":"2025-12-17T07:34:10","slug":"a-propos-de-nous","status":"publish","type":"page","link":"https:\/\/immediatealpha.ai\/fr\/about-us\/","title":{"rendered":"\u00c0 propos de nous"},"content":{"rendered":"<div data-elementor-type=\"wp-page\" data-elementor-id=\"170\" class=\"elementor elementor-170\" data-elementor-post-type=\"page\">\n\t\t\t\t<div class=\"elementor-element elementor-element-110270e e-flex e-con-boxed e-con e-parent\" data-id=\"110270e\" data-element_type=\"container\" data-e-type=\"container\" data-settings=\"{&quot;background_background&quot;:&quot;classic&quot;}\">\n\t\t\t\t\t<div class=\"e-con-inner\">\n\t\t\t\t<div class=\"elementor-element elementor-element-ba9408c elementor-widget elementor-widget-heading\" data-id=\"ba9408c\" data-element_type=\"widget\" data-e-type=\"widget\" data-widget_type=\"heading.default\">\n\t\t\t\t\t<h1 class=\"elementor-heading-title elementor-size-default\">Alpha Imm\u00e9diat : \u00c0 propos de nous<\/h1>\t\t\t\t<\/div>\n\t\t\t\t\t<\/div>\n\t\t\t\t<\/div>\n\t\t<div class=\"elementor-element elementor-element-8284eb3 e-flex e-con-boxed e-con e-parent\" data-id=\"8284eb3\" data-element_type=\"container\" data-e-type=\"container\" data-settings=\"{&quot;background_background&quot;:&quot;classic&quot;}\">\n\t\t\t\t\t<div class=\"e-con-inner\">\n\t\t<div class=\"elementor-element elementor-element-114d16b e-con-full e-flex e-con e-child\" data-id=\"114d16b\" data-element_type=\"container\" data-e-type=\"container\">\n\t\t\t\t<div class=\"elementor-element elementor-element-6060ec6 elementor-widget elementor-widget-heading\" data-id=\"6060ec6\" data-element_type=\"widget\" data-e-type=\"widget\" data-widget_type=\"heading.default\">\n\t\t\t\t\t<h2 class=\"elementor-heading-title elementor-size-default\">Qu'est-ce que l'application Immediate Alpha ?<\/h2>\t\t\t\t<\/div>\n\t\t\t\t<div class=\"elementor-element elementor-element-a0a86b8 elementor-widget elementor-widget-text-editor\" data-id=\"a0a86b8\" data-element_type=\"widget\" data-e-type=\"widget\" data-widget_type=\"text-editor.default\">\n\t\t\t\t\t\t\t\t\t<p>Pr\u00e9sentation d'Immediate Alpha, la plateforme de trading de devises num\u00e9riques de premier ordre pour les membres de la communaut\u00e9 Bitcoin Immediate Alpha. Que vous soyez un trader exp\u00e9riment\u00e9 ou un d\u00e9butant complet, notre plateforme est con\u00e7ue pour \u00eatre intuitive et accessible \u00e0 tous.<\/p><p>D\u00e9couvrez les avantages de faire partie de notre r\u00e9seau de trading num\u00e9rique. Avec Immediate Alpha, vous acc\u00e9dez \u00e0 la puissance d'outils avanc\u00e9s qui g\u00e8rent la collecte de donn\u00e9es, examinent les informations du march\u00e9 et effectuent des transactions avec une pr\u00e9cision et une logique absolues. Dites adieu aux choix de trading impulsifs car notre logiciel fonctionne 24 heures sur 24, travaillant sans rel\u00e2che \u00e0 votre avantage.<\/p>\t\t\t\t\t\t\t\t<\/div>\n\t\t\t\t<\/div>\n\t\t<div class=\"elementor-element elementor-element-b352064 e-con-full e-flex e-con e-child\" data-id=\"b352064\" data-element_type=\"container\" data-e-type=\"container\">\n\t\t\t\t<div class=\"elementor-element elementor-element-63c2502 elementor-widget-mobile__width-initial elementor-widget elementor-widget-image\" data-id=\"63c2502\" data-element_type=\"widget\" data-e-type=\"widget\" data-widget_type=\"image.default\">\n\t\t\t\t\t\t\t\t\t\t\t\t\t\t\t<img fetchpriority=\"high\" decoding=\"async\" width=\"800\" height=\"548\" src=\"https:\/\/immediatealpha.ai\/wp-content\/uploads\/2025\/12\/3d-graph_-1024x701_11zon.webp\" class=\"attachment-large size-large wp-image-1879\" alt=\"\" srcset=\"https:\/\/immediatealpha.ai\/wp-content\/uploads\/2025\/12\/3d-graph_-1024x701_11zon.webp 1024w, https:\/\/immediatealpha.ai\/wp-content\/uploads\/2025\/12\/3d-graph_-1024x701_11zon-300x205.webp 300w, https:\/\/immediatealpha.ai\/wp-content\/uploads\/2025\/12\/3d-graph_-1024x701_11zon-768x526.webp 768w, https:\/\/immediatealpha.ai\/wp-content\/uploads\/2025\/12\/3d-graph_-1024x701_11zon-18x12.webp 18w\" sizes=\"(max-width: 800px) 100vw, 800px\" \/>\t\t\t\t\t\t\t\t\t\t\t\t\t\t\t<\/div>\n\t\t\t\t<\/div>\n\t\t\t\t\t<\/div>\n\t\t\t\t<\/div>\n\t\t<div class=\"elementor-element elementor-element-806535b e-flex e-con-boxed e-con e-parent\" data-id=\"806535b\" data-element_type=\"container\" data-e-type=\"container\" data-settings=\"{&quot;background_background&quot;:&quot;classic&quot;}\">\n\t\t\t\t\t<div class=\"e-con-inner\">\n\t\t<div class=\"elementor-element elementor-element-c6c49c7 e-con-full elementor-hidden-mobile e-flex e-con e-child\" data-id=\"c6c49c7\" data-element_type=\"container\" data-e-type=\"container\">\n\t\t\t\t<div class=\"elementor-element elementor-element-d29defc elementor-widget elementor-widget-image\" data-id=\"d29defc\" data-element_type=\"widget\" data-e-type=\"widget\" data-widget_type=\"image.default\">\n\t\t\t\t\t\t\t\t\t\t\t\t\t\t\t<img decoding=\"async\" width=\"800\" height=\"845\" src=\"https:\/\/immediatealpha.ai\/wp-content\/uploads\/2025\/12\/futuristic-robot-interacting-with-money-e1735046664419-970x1024_11zon.webp\" class=\"attachment-large size-large wp-image-1878\" alt=\"\" srcset=\"https:\/\/immediatealpha.ai\/wp-content\/uploads\/2025\/12\/futuristic-robot-interacting-with-money-e1735046664419-970x1024_11zon.webp 970w, https:\/\/immediatealpha.ai\/wp-content\/uploads\/2025\/12\/futuristic-robot-interacting-with-money-e1735046664419-970x1024_11zon-284x300.webp 284w, https:\/\/immediatealpha.ai\/wp-content\/uploads\/2025\/12\/futuristic-robot-interacting-with-money-e1735046664419-970x1024_11zon-768x811.webp 768w, https:\/\/immediatealpha.ai\/wp-content\/uploads\/2025\/12\/futuristic-robot-interacting-with-money-e1735046664419-970x1024_11zon-11x12.webp 11w\" sizes=\"(max-width: 800px) 100vw, 800px\" \/>\t\t\t\t\t\t\t\t\t\t\t\t\t\t\t<\/div>\n\t\t\t\t<\/div>\n\t\t<div class=\"elementor-element elementor-element-130e384 e-con-full e-flex e-con e-child\" data-id=\"130e384\" data-element_type=\"container\" data-e-type=\"container\">\n\t\t\t\t<div class=\"elementor-element elementor-element-751c99d elementor-widget elementor-widget-spacer\" data-id=\"751c99d\" data-element_type=\"widget\" data-e-type=\"widget\" data-widget_type=\"spacer.default\">\n\t\t\t\t\t\t\t<div class=\"elementor-spacer\">\n\t\t\t<div class=\"elementor-spacer-inner\"><\/div>\n\t\t<\/div>\n\t\t\t\t\t\t<\/div>\n\t\t\t\t<div class=\"elementor-element elementor-element-0997e73 elementor-widget elementor-widget-heading\" data-id=\"0997e73\" data-element_type=\"widget\" data-e-type=\"widget\" data-widget_type=\"heading.default\">\n\t\t\t\t\t<h2 class=\"elementor-heading-title elementor-size-default\">Notre histoire <\/h2>\t\t\t\t<\/div>\n\t\t\t\t<div class=\"elementor-element elementor-element-82ee361 elementor-widget elementor-widget-text-editor\" data-id=\"82ee361\" data-element_type=\"widget\" data-e-type=\"widget\" data-widget_type=\"text-editor.default\">\n\t\t\t\t\t\t\t\t\t<p>Immediate Alpha n\u2019est pas seulement une plateforme de trading crypto automatis\u00e9e ; c\u2019est un r\u00e9seau dynamique de traders li\u00e9s par leur int\u00e9r\u00eat collectif pour la crypto-monnaie. Nos utilisateurs appr\u00e9cient la facilit\u00e9 du trading crypto automatis\u00e9 et lucratif facilement disponible.<\/p>\t\t\t\t\t\t\t\t<\/div>\n\t\t<div class=\"elementor-element elementor-element-5f54f80 e-con-full e-flex e-con e-child\" data-id=\"5f54f80\" data-element_type=\"container\" data-e-type=\"container\" data-settings=\"{&quot;background_background&quot;:&quot;classic&quot;}\">\n\t\t\t\t<div class=\"elementor-element elementor-element-76d6fc9 elementor-widget-mobile__width-initial elementor-widget elementor-widget-image\" data-id=\"76d6fc9\" data-element_type=\"widget\" data-e-type=\"widget\" data-widget_type=\"image.default\">\n\t\t\t\t\t\t\t\t\t\t\t\t\t\t\t<img decoding=\"async\" width=\"512\" height=\"512\" src=\"https:\/\/immediatealpha.ai\/wp-content\/uploads\/2024\/12\/roi.webp\" class=\"attachment-full size-full wp-image-1322\" alt=\"roi\" srcset=\"https:\/\/immediatealpha.ai\/wp-content\/uploads\/2024\/12\/roi.webp 512w, https:\/\/immediatealpha.ai\/wp-content\/uploads\/2024\/12\/roi-300x300.webp 300w, https:\/\/immediatealpha.ai\/wp-content\/uploads\/2024\/12\/roi-150x150.webp 150w\" sizes=\"(max-width: 512px) 100vw, 512px\" \/>\t\t\t\t\t\t\t\t\t\t\t\t\t\t\t<\/div>\n\t\t\t\t<div class=\"elementor-element elementor-element-7dc5eca elementor-widget elementor-widget-heading\" data-id=\"7dc5eca\" data-element_type=\"widget\" data-e-type=\"widget\" data-widget_type=\"heading.default\">\n\t\t\t\t\t<h2 class=\"elementor-heading-title elementor-size-default\">Notre mission<\/h2>\t\t\t\t<\/div>\n\t\t\t\t<div class=\"elementor-element elementor-element-2650445 elementor-widget elementor-widget-text-editor\" data-id=\"2650445\" data-element_type=\"widget\" data-e-type=\"widget\" data-widget_type=\"text-editor.default\">\n\t\t\t\t\t\t\t\t\t<p>Chez Immediate Alpha, nous pensons que le succ\u00e8s du trading repose sur un \u00e9quilibre parfait entre technologie de pointe et potentiel humain. C'est pourquoi nous avons d\u00e9velopp\u00e9 une plateforme \u00e9quip\u00e9e d'outils avanc\u00e9s qui simplifient les complexit\u00e9s du trading de crypto-monnaies<\/p>\t\t\t\t\t\t\t\t<\/div>\n\t\t\t\t<\/div>\n\t\t\t\t<\/div>\n\t\t\t\t\t<\/div>\n\t\t\t\t<\/div>\n\t\t\t\t<\/div>","protected":false},"excerpt":{"rendered":"<p>Immediate Alpha: About Us What is Immediate Alpha App? Presenting Immediate Alpha, the top-tier digital currency trading platform for members of the Bitcoin Immediate Alpha community. Regardless of whether you&#8217;re an experienced trader or a complete beginner, our platform is designed to be intuitive and accessible to everyone. Discover the benefits of becoming a part [&hellip;]<\/p>\n","protected":false},"author":1,"featured_media":0,"parent":0,"menu_order":0,"comment_status":"closed","ping_status":"closed","template":"elementor_header_footer","meta":{"footnotes":""},"class_list":["post-170","page","type-page","status-publish","hentry"],"_links":{"self":[{"href":"https:\/\/immediatealpha.ai\/fr\/wp-json\/wp\/v2\/pages\/170","targetHints":{"allow":["GET"]}}],"collection":[{"href":"https:\/\/immediatealpha.ai\/fr\/wp-json\/wp\/v2\/pages"}],"about":[{"href":"https:\/\/immediatealpha.ai\/fr\/wp-json\/wp\/v2\/types\/page"}],"author":[{"embeddable":true,"href":"https:\/\/immediatealpha.ai\/fr\/wp-json\/wp\/v2\/users\/1"}],"replies":[{"embeddable":true,"href":"https:\/\/immediatealpha.ai\/fr\/wp-json\/wp\/v2\/comments?post=170"}],"version-history":[{"count":145,"href":"https:\/\/immediatealpha.ai\/fr\/wp-json\/wp\/v2\/pages\/170\/revisions"}],"predecessor-version":[{"id":1967,"href":"https:\/\/immediatealpha.ai\/fr\/wp-json\/wp\/v2\/pages\/170\/revisions\/1967"}],"wp:attachment":[{"href":"https:\/\/immediatealpha.ai\/fr\/wp-json\/wp\/v2\/media?parent=170"}],"curies":[{"name":"wp","href":"https:\/\/api.w.org\/{rel}","templated":true}]}}