{"id":210,"date":"2023-12-05T11:26:12","date_gmt":"2023-12-05T11:26:12","guid":{"rendered":"https:\/\/immediatealpha.ai\/?page_id=210"},"modified":"2025-12-12T06:13:08","modified_gmt":"2025-12-12T06:13:08","slug":"termes-et-conditions","status":"publish","type":"page","link":"https:\/\/immediatealpha.ai\/fr\/terms-and-conditions\/","title":{"rendered":"Termes et conditions"},"content":{"rendered":"<div data-elementor-type=\"wp-page\" data-elementor-id=\"210\" class=\"elementor elementor-210\" data-elementor-post-type=\"page\">\n\t\t\t\t<div class=\"elementor-element elementor-element-70e6c0a e-flex e-con-boxed e-con e-parent\" data-id=\"70e6c0a\" data-element_type=\"container\" data-e-type=\"container\" data-settings=\"{&quot;background_background&quot;:&quot;classic&quot;}\">\n\t\t\t\t\t<div class=\"e-con-inner\">\n\t\t\t\t<div class=\"elementor-element elementor-element-ac17557 elementor-widget__width-initial elementor-widget elementor-widget-heading\" data-id=\"ac17557\" data-element_type=\"widget\" data-e-type=\"widget\" data-widget_type=\"heading.default\">\n\t\t\t\t\t<h1 class=\"elementor-heading-title elementor-size-default\">Conditions g\u00e9n\u00e9rales<\/h1>\t\t\t\t<\/div>\n\t\t\t\t<div class=\"elementor-element elementor-element-1fbd49b elementor-widget-tablet__width-inherit elementor-widget elementor-widget-text-editor\" data-id=\"1fbd49b\" data-element_type=\"widget\" data-e-type=\"widget\" data-widget_type=\"text-editor.default\">\n\t\t\t\t\t\t\t\t\t<p>Bienvenue sur Immediate Alpha, votre destination de choix pour les signaux de trading automatis\u00e9s. En utilisant nos services, vous acceptez d'\u00eatre li\u00e9 par les conditions g\u00e9n\u00e9rales suivantes. Veuillez les lire attentivement avant de proc\u00e9der \u00e0 toute transaction ou souscription.<\/p>\t\t\t\t\t\t\t\t<\/div>\n\t\t\t\t<div class=\"elementor-element elementor-element-a150e4e elementor-widget__width-initial elementor-widget elementor-widget-heading\" data-id=\"a150e4e\" data-element_type=\"widget\" data-e-type=\"widget\" data-widget_type=\"heading.default\">\n\t\t\t\t\t<h2 class=\"elementor-heading-title elementor-size-default\">Termes et conditions\n<\/h2>\t\t\t\t<\/div>\n\t\t\t\t<div class=\"elementor-element elementor-element-44df6c0 elementor-widget-tablet__width-inherit elementor-widget elementor-widget-text-editor\" data-id=\"44df6c0\" data-element_type=\"widget\" data-e-type=\"widget\" data-widget_type=\"text-editor.default\">\n\t\t\t\t\t\t\t\t\t<p>Acceptation des conditions En acc\u00e9dant \u00e0 Immediate Alpha ou en l'utilisant, vous reconnaissez avoir lu, compris et accept\u00e9 de vous conformer aux pr\u00e9sentes conditions g\u00e9n\u00e9rales. Si vous n'\u00eates pas d'accord avec une partie quelconque de ces conditions, vous ne devez pas utiliser nos services.<br \/>Description des services, Immediate Alpha fournit des robots de trading en ligne pour divers march\u00e9s financiers. Nos algorithmes propri\u00e9taires g\u00e9n\u00e8rent des transactions bas\u00e9es sur l'analyse du march\u00e9. Cependant, veuillez noter que les performances pass\u00e9es ne garantissent pas les r\u00e9sultats futurs et que le trading comporte des risques.<\/p>\t\t\t\t\t\t\t\t<\/div>\n\t\t\t\t<div class=\"elementor-element elementor-element-dfe12a7 elementor-widget-tablet__width-inherit elementor-widget elementor-widget-text-editor\" data-id=\"dfe12a7\" data-element_type=\"widget\" data-e-type=\"widget\" data-widget_type=\"text-editor.default\">\n\t\t\t\t\t\t\t\t\t<p>Admissibilit\u00e9 des utilisateurs Vous devez avoir au moins 18 ans et \u00eatre l\u00e9galement autoris\u00e9 \u00e0 conclure des contrats pour utiliser nos services. En acc\u00e9dant \u00e0 Immediate Alpha, vous confirmez que vous r\u00e9pondez \u00e0 ces exigences et que vous \u00eates responsable du respect de toutes les lois et r\u00e9glementations applicables dans votre juridiction.<\/p><p>Abonnement et paiement Pour acc\u00e9der \u00e0 nos signaux de trading robotis\u00e9s, vous devrez peut-\u00eatre souscrire \u00e0 l'un de nos forfaits de services. Les frais d'abonnement seront clairement indiqu\u00e9s sur notre site Web et vous acceptez de payer les frais sp\u00e9cifi\u00e9s pour la dur\u00e9e choisie. Les paiements ne sont pas remboursables et vous \u00eates responsable de toutes les taxes ou frais encourus dans le cadre des transactions.<\/p>\t\t\t\t\t\t\t\t<\/div>\n\t\t\t\t<div class=\"elementor-element elementor-element-80c50e7 elementor-widget-tablet__width-inherit elementor-widget elementor-widget-text-editor\" data-id=\"80c50e7\" data-element_type=\"widget\" data-e-type=\"widget\" data-widget_type=\"text-editor.default\">\n\t\t\t\t\t\t\t\t\t<p>Risques et responsabilit\u00e9 Le trading comporte des risques financiers et, bien que notre robot vise \u00e0 fournir des informations pr\u00e9cises, nous ne pouvons garantir des b\u00e9n\u00e9fices ni pr\u00e9venir des pertes. Vous reconnaissez que vous \u00eates seul responsable des r\u00e9sultats de vos d\u00e9cisions de trading et de toutes les cons\u00e9quences financi\u00e8res r\u00e9sultant de l'utilisation de nos services. Immediate Alpha, ses soci\u00e9t\u00e9s affili\u00e9es et ses employ\u00e9s ne peuvent \u00eatre tenus responsables des pertes subies lors de l'utilisation de nos services.<\/p><p>Utilisation personnelle uniquement Les signaux fournis par Immediate Alpha sont destin\u00e9s \u00e0 votre usage personnel uniquement. Il vous est strictement interdit de redistribuer, de revendre ou d'exploiter commercialement nos signaux sans le consentement \u00e9crit pr\u00e9alable d'Immediate Alpha.<\/p>\t\t\t\t\t\t\t\t<\/div>\n\t\t\t\t<div class=\"elementor-element elementor-element-0d051de elementor-widget-tablet__width-inherit elementor-widget elementor-widget-text-editor\" data-id=\"0d051de\" data-element_type=\"widget\" data-e-type=\"widget\" data-widget_type=\"text-editor.default\">\n\t\t\t\t\t\t\t\t\t<p>Conduite de l'utilisateur Vous acceptez d'utiliser nos services en conformit\u00e9 avec toutes les lois et r\u00e9glementations applicables. Vous ne devez pas vous engager dans une activit\u00e9 qui pourrait perturber, endommager ou alt\u00e9rer la fonctionnalit\u00e9 d'Immediate Alpha<b>\u00a0<\/b>ou ses services associ\u00e9s.<\/p><p>Propri\u00e9t\u00e9 intellectuelle L'ensemble du contenu, y compris, mais sans s'y limiter, les logos, marques d\u00e9pos\u00e9es, textes, images et logiciels utilis\u00e9s sur Immediate Alpha, est prot\u00e9g\u00e9 par les lois sur la propri\u00e9t\u00e9 intellectuelle et est la propri\u00e9t\u00e9 exclusive d'Immediate Alpha ou de ses conc\u00e9dants de licence. Vous ne pouvez pas utiliser, reproduire, modifier ou distribuer tout contenu sans notre consentement \u00e9crit expr\u00e8s.<\/p><p>R\u00e9siliation imm\u00e9diate des services Alpha<b>\u00a0<\/b>se r\u00e9serve le droit de suspendre ou de r\u00e9silier votre acc\u00e8s \u00e0 nos services \u00e0 tout moment et pour quelque raison que ce soit, y compris en cas de suspicion de violation des pr\u00e9sentes conditions g\u00e9n\u00e9rales ou de participation \u00e0 des activit\u00e9s frauduleuses.<\/p>\t\t\t\t\t\t\t\t<\/div>\n\t\t\t\t<div class=\"elementor-element elementor-element-2766159 elementor-widget-tablet__width-inherit elementor-widget elementor-widget-text-editor\" data-id=\"2766159\" data-element_type=\"widget\" data-e-type=\"widget\" data-widget_type=\"text-editor.default\">\n\t\t\t\t\t\t\t\t\t<p>Modifications des conditions g\u00e9n\u00e9rales Immediate Alpha peut mettre \u00e0 jour ou modifier ces conditions g\u00e9n\u00e9rales \u00e0 tout moment sans pr\u00e9avis. En continuant \u00e0 utiliser nos services apr\u00e8s de telles modifications, vous acceptez d'\u00eatre li\u00e9 par les conditions g\u00e9n\u00e9rales mises \u00e0 jour.<\/p><p>Politique de confidentialit\u00e9 Votre vie priv\u00e9e est importante pour nous. Veuillez consulter notre politique de confidentialit\u00e9 pour comprendre comment nous recueillons, utilisons et prot\u00e9geons vos informations personnelles.<\/p><p>Droit applicable et juridiction comp\u00e9tente Les pr\u00e9sentes Conditions g\u00e9n\u00e9rales sont r\u00e9gies et interpr\u00e9t\u00e9es conform\u00e9ment aux lois en vigueur, sans \u00e9gard aux principes de conflit de lois. Tout litige d\u00e9coulant ou li\u00e9 aux pr\u00e9sentes conditions g\u00e9n\u00e9rales sera soumis \u00e0 la comp\u00e9tence exclusive des tribunaux.<\/p><p>Le robot d'algorithme de trading n\u00e9cessite le logiciel de trading MetaTrader 5 et un service de courtage pour ex\u00e9cuter les ordres d'achat et de vente et fournir des liquidit\u00e9s en cas de besoin.<\/p>\t\t\t\t\t\t\t\t<\/div>\n\t\t\t\t<div class=\"elementor-element elementor-element-c5b630a elementor-widget-tablet__width-inherit elementor-widget elementor-widget-text-editor\" data-id=\"c5b630a\" data-element_type=\"widget\" data-e-type=\"widget\" data-widget_type=\"text-editor.default\">\n\t\t\t\t\t\t\t\t\t<p><strong>Le client doit lire et accepter les termes et conditions du courtier.<\/strong><\/p>\t\t\t\t\t\t\t\t<\/div>\n\t\t\t\t<div class=\"elementor-element elementor-element-adeeb93 elementor-widget-tablet__width-inherit elementor-widget elementor-widget-text-editor\" data-id=\"adeeb93\" data-element_type=\"widget\" data-e-type=\"widget\" data-widget_type=\"text-editor.default\">\n\t\t\t\t\t\t\t\t\t<p>En utilisant Immediate Alpha, vous acceptez les pr\u00e9sentes Conditions g\u00e9n\u00e9rales et nous nous r\u00e9jouissons de vous proposer un service de trading automatis\u00e9. Pour toute question ou pr\u00e9occupation, veuillez contacter notre service client \u00e0 l'adresse suivante\u00a0: <strong><a href=\"mailto:support@immediatealpha.ai\">support@immediatealpha.ai<\/a><\/strong><\/p>\t\t\t\t\t\t\t\t<\/div>\n\t\t\t\t\t<\/div>\n\t\t\t\t<\/div>\n\t\t\t\t<\/div>","protected":false},"excerpt":{"rendered":"<p>Terms &amp; Conditions Welcome to Immediate Alpha, your premier destination for automated robot trading signals. By using our services, you agree to be bound by the following Terms and Conditions. Please read them carefully before proceeding with any transactions or subscriptions. Terms and Conditions Acceptance of Terms By accessing or using Immediate Alpha, you acknowledge [&hellip;]<\/p>\n","protected":false},"author":1,"featured_media":0,"parent":0,"menu_order":0,"comment_status":"closed","ping_status":"closed","template":"elementor_header_footer","meta":{"footnotes":""},"class_list":["post-210","page","type-page","status-publish","hentry"],"_links":{"self":[{"href":"https:\/\/immediatealpha.ai\/fr\/wp-json\/wp\/v2\/pages\/210","targetHints":{"allow":["GET"]}}],"collection":[{"href":"https:\/\/immediatealpha.ai\/fr\/wp-json\/wp\/v2\/pages"}],"about":[{"href":"https:\/\/immediatealpha.ai\/fr\/wp-json\/wp\/v2\/types\/page"}],"author":[{"embeddable":true,"href":"https:\/\/immediatealpha.ai\/fr\/wp-json\/wp\/v2\/users\/1"}],"replies":[{"embeddable":true,"href":"https:\/\/immediatealpha.ai\/fr\/wp-json\/wp\/v2\/comments?post=210"}],"version-history":[{"count":55,"href":"https:\/\/immediatealpha.ai\/fr\/wp-json\/wp\/v2\/pages\/210\/revisions"}],"predecessor-version":[{"id":1899,"href":"https:\/\/immediatealpha.ai\/fr\/wp-json\/wp\/v2\/pages\/210\/revisions\/1899"}],"wp:attachment":[{"href":"https:\/\/immediatealpha.ai\/fr\/wp-json\/wp\/v2\/media?parent=210"}],"curies":[{"name":"wp","href":"https:\/\/api.w.org\/{rel}","templated":true}]}}