{"id":216,"date":"2023-12-05T11:40:44","date_gmt":"2023-12-05T11:40:44","guid":{"rendered":"https:\/\/immediatealpha.ai\/?page_id=216"},"modified":"2025-12-12T06:12:13","modified_gmt":"2025-12-12T06:12:13","slug":"politique-de-confidentialite","status":"publish","type":"page","link":"https:\/\/immediatealpha.ai\/fr\/privacy-policy\/","title":{"rendered":"politique de confidentialit\u00e9"},"content":{"rendered":"<div data-elementor-type=\"wp-page\" data-elementor-id=\"216\" class=\"elementor elementor-216\" data-elementor-post-type=\"page\">\n\t\t\t\t<div class=\"elementor-element elementor-element-ccb7219 e-flex e-con-boxed e-con e-parent\" data-id=\"ccb7219\" data-element_type=\"container\" data-e-type=\"container\" data-settings=\"{&quot;background_background&quot;:&quot;classic&quot;}\">\n\t\t\t\t\t<div class=\"e-con-inner\">\n\t\t<div class=\"elementor-element elementor-element-f9cff46 e-flex e-con-boxed e-con e-child\" data-id=\"f9cff46\" data-element_type=\"container\" data-e-type=\"container\" data-settings=\"{&quot;background_background&quot;:&quot;classic&quot;}\">\n\t\t\t\t\t<div class=\"e-con-inner\">\n\t\t\t\t<div class=\"elementor-element elementor-element-69b419f elementor-widget__width-initial elementor-widget elementor-widget-heading\" data-id=\"69b419f\" data-element_type=\"widget\" data-e-type=\"widget\" data-widget_type=\"heading.default\">\n\t\t\t\t\t<h1 class=\"elementor-heading-title elementor-size-default\">politique de confidentialit\u00e9<\/h1>\t\t\t\t<\/div>\n\t\t\t\t<div class=\"elementor-element elementor-element-18be79e elementor-widget-tablet__width-inherit elementor-widget elementor-widget-text-editor\" data-id=\"18be79e\" data-element_type=\"widget\" data-e-type=\"widget\" data-widget_type=\"text-editor.default\">\n\t\t\t\t\t\t\t\t\t<p>Cette politique de confidentialit\u00e9 s'applique \u00e0 Immediate Alpha (ci-apr\u00e8s d\u00e9nomm\u00e9e \u00ab Application \u00bb) pour appareils mobiles (ci-apr\u00e8s d\u00e9nomm\u00e9e \u00ab Fournisseur de services \u00bb) en tant que service gratuit. Ce service est destin\u00e9 \u00e0 \u00eatre utilis\u00e9 \u00ab EN L'\u00c9TAT \u00bb.<\/p>\t\t\t\t\t\t\t\t<\/div>\n\t\t\t\t<div class=\"elementor-element elementor-element-d1e52e9 elementor-widget__width-initial elementor-widget elementor-widget-heading\" data-id=\"d1e52e9\" data-element_type=\"widget\" data-e-type=\"widget\" data-widget_type=\"heading.default\">\n\t\t\t\t\t<h2 class=\"elementor-heading-title elementor-size-default\">Informations que nous collectons\n<\/h2>\t\t\t\t<\/div>\n\t\t\t\t<div class=\"elementor-element elementor-element-1f07a3a elementor-widget-tablet__width-inherit elementor-widget elementor-widget-text-editor\" data-id=\"1f07a3a\" data-element_type=\"widget\" data-e-type=\"widget\" data-widget_type=\"text-editor.default\">\n\t\t\t\t\t\t\t\t\t<p>Les informations personnelles que vous \u00eates invit\u00e9 \u00e0 fournir et les raisons pour lesquelles vous \u00eates invit\u00e9 \u00e0 les fournir vous seront clairement indiqu\u00e9es au moment o\u00f9 nous vous demanderons de fournir vos informations personnelles. Si vous nous contactez directement, nous pouvons recevoir des informations suppl\u00e9mentaires vous concernant, telles que votre nom, votre adresse e-mail, votre num\u00e9ro de t\u00e9l\u00e9phone, le contenu du message et\/ou des pi\u00e8ces jointes que vous pouvez nous envoyer, ainsi que toute autre information que vous pouvez choisir de fournir. Lorsque vous cr\u00e9ez un compte, nous pouvons vous demander vos coordonn\u00e9es, notamment des \u00e9l\u00e9ments tels que votre nom, le nom de votre entreprise, votre adresse, votre adresse e-mail et votre num\u00e9ro de t\u00e9l\u00e9phone.<\/p>\t\t\t\t\t\t\t\t<\/div>\n\t\t\t\t<div class=\"elementor-element elementor-element-c45a347 elementor-widget__width-initial elementor-widget elementor-widget-heading\" data-id=\"c45a347\" data-element_type=\"widget\" data-e-type=\"widget\" data-widget_type=\"heading.default\">\n\t\t\t\t\t<h2 class=\"elementor-heading-title elementor-size-default\">Collecte et utilisation des informations\n<\/h2>\t\t\t\t<\/div>\n\t\t\t\t<div class=\"elementor-element elementor-element-d855726 elementor-widget-tablet__width-inherit elementor-widget elementor-widget-text-editor\" data-id=\"d855726\" data-element_type=\"widget\" data-e-type=\"widget\" data-widget_type=\"text-editor.default\">\n\t\t\t\t\t\t\t\t\t<p>L'application collecte des informations lorsque vous la t\u00e9l\u00e9chargez et l'utilisez. Ces informations peuvent inclure des informations telles que<\/p><ul><li>L'adresse IP (Internet Protocol) de votre appareil<\/li><li>Le temps pass\u00e9 sur l'application<\/li><li>Le syst\u00e8me d'exploitation que vous utilisez sur votre appareil mobile\u00a0<\/li><\/ul><p>L'Application ne collecte pas d'informations pr\u00e9cises sur la localisation de votre appareil mobile.\u00a0<\/p><p>Le fournisseur de services peut utiliser les informations que vous avez fournies pour vous contacter de temps \u00e0 autre afin de vous fournir des informations importantes, des avis obligatoires et des promotions marketing.<\/p><p>Pour une meilleure exp\u00e9rience, lors de l'utilisation de l'application, le fournisseur de services peut vous demander de nous fournir certaines informations personnelles identifiables, y compris, mais sans s'y limiter, le pr\u00e9nom, le nom, l'e-mail, le num\u00e9ro de t\u00e9l\u00e9phone. Les informations demand\u00e9es par le fournisseur de services seront conserv\u00e9es par lui et utilis\u00e9es comme d\u00e9crit dans la pr\u00e9sente politique de confidentialit\u00e9.<\/p>\t\t\t\t\t\t\t\t<\/div>\n\t\t\t\t<div class=\"elementor-element elementor-element-9c18dd9 elementor-widget__width-initial elementor-widget elementor-widget-heading\" data-id=\"9c18dd9\" data-element_type=\"widget\" data-e-type=\"widget\" data-widget_type=\"heading.default\">\n\t\t\t\t\t<h2 class=\"elementor-heading-title elementor-size-default\">Acc\u00e8s des tiers\n<\/h2>\t\t\t\t<\/div>\n\t\t\t\t<div class=\"elementor-element elementor-element-49d000d elementor-widget-tablet__width-inherit elementor-widget elementor-widget-text-editor\" data-id=\"49d000d\" data-element_type=\"widget\" data-e-type=\"widget\" data-widget_type=\"text-editor.default\">\n\t\t\t\t\t\t\t\t\tSeules des donn\u00e9es agr\u00e9g\u00e9es et anonymis\u00e9es sont p\u00e9riodiquement transmises \u00e0 des services externes afin d'aider le Prestataire \u00e0 am\u00e9liorer l'Application et ses services. Le Prestataire peut partager vos informations avec des tiers selon les modalit\u00e9s d\u00e9crites dans la pr\u00e9sente d\u00e9claration de confidentialit\u00e9.\n\nVeuillez noter que l'Application utilise des services tiers qui disposent de leur propre Politique de confidentialit\u00e9 concernant le traitement des donn\u00e9es. Vous trouverez ci-dessous les liens vers les Politiques de confidentialit\u00e9 des prestataires tiers utilis\u00e9s par l'Application\u00a0:\n<ul>\n \t<li>Services Google Play<\/span><\/li>\n<\/ul>\nLe fournisseur de services peut divulguer les informations fournies par l'utilisateur et collect\u00e9es automatiquement :\n<ul>\n \t<li>comme l\u2019exige la loi, par exemple pour se conformer \u00e0 une assignation \u00e0 compara\u00eetre ou \u00e0 une proc\u00e9dure judiciaire similaire\u00a0;<\/li>\n \t<li>lorsqu\u2019ils croient de bonne foi que la divulgation est n\u00e9cessaire pour prot\u00e9ger leurs droits, prot\u00e9ger votre s\u00e9curit\u00e9 ou celle d\u2019autrui, enqu\u00eater sur une fraude ou r\u00e9pondre \u00e0 une demande du gouvernement\u00a0;<\/li>\n \t<li>avec leurs prestataires de services de confiance qui travaillent en leur nom, n'ont pas d'utilisation ind\u00e9pendante des informations que nous leur divulguons et ont accept\u00e9 de respecter les r\u00e8gles \u00e9nonc\u00e9es dans la pr\u00e9sente d\u00e9claration de confidentialit\u00e9.<\/li>\n<\/ul>\t\t\t\t\t\t\t\t<\/div>\n\t\t\t\t<div class=\"elementor-element elementor-element-b5036a4 elementor-widget__width-initial elementor-widget elementor-widget-heading\" data-id=\"b5036a4\" data-element_type=\"widget\" data-e-type=\"widget\" data-widget_type=\"heading.default\">\n\t\t\t\t\t<h2 class=\"elementor-heading-title elementor-size-default\">Droits de retrait\n<\/h2>\t\t\t\t<\/div>\n\t\t\t\t<div class=\"elementor-element elementor-element-616646a elementor-widget-tablet__width-inherit elementor-widget elementor-widget-text-editor\" data-id=\"616646a\" data-element_type=\"widget\" data-e-type=\"widget\" data-widget_type=\"text-editor.default\">\n\t\t\t\t\t\t\t\t\tVous pouvez facilement mettre fin \u00e0 toute collecte d'informations par l'application en la d\u00e9sinstallant. Vous pouvez utiliser les processus de d\u00e9sinstallation standard disponibles sur votre appareil mobile ou via le march\u00e9 ou le r\u00e9seau d'applications mobiles.\n\n\t\t\t\t\t\t\t\t<\/div>\n\t\t\t\t<div class=\"elementor-element elementor-element-9975331 elementor-widget__width-initial elementor-widget elementor-widget-heading\" data-id=\"9975331\" data-element_type=\"widget\" data-e-type=\"widget\" data-widget_type=\"heading.default\">\n\t\t\t\t\t<h2 class=\"elementor-heading-title elementor-size-default\">Politique de conservation des donn\u00e9es\n<\/h2>\t\t\t\t<\/div>\n\t\t\t\t<div class=\"elementor-element elementor-element-6719d53 elementor-widget-tablet__width-inherit elementor-widget elementor-widget-text-editor\" data-id=\"6719d53\" data-element_type=\"widget\" data-e-type=\"widget\" data-widget_type=\"text-editor.default\">\n\t\t\t\t\t\t\t\t\t<p>Le fournisseur de services conservera les donn\u00e9es fournies par l'utilisateur aussi longtemps que vous utiliserez l'application et pendant une dur\u00e9e raisonnable par la suite. Si vous souhaitez qu'il supprime les donn\u00e9es fournies par l'utilisateur que vous avez fournies via l'application, veuillez le contacter \u00e0 l'adresse <strong><a href=\"mailto:support@immediatealpha.ai\">support@immediatealpha.ai<\/a><\/strong> et ils r\u00e9pondront dans un d\u00e9lai raisonnable.<\/p>\t\t\t\t\t\t\t\t<\/div>\n\t\t\t\t<div class=\"elementor-element elementor-element-933efc2 elementor-widget__width-initial elementor-widget elementor-widget-heading\" data-id=\"933efc2\" data-element_type=\"widget\" data-e-type=\"widget\" data-widget_type=\"heading.default\">\n\t\t\t\t\t<h2 class=\"elementor-heading-title elementor-size-default\">Enfants<\/h2>\t\t\t\t<\/div>\n\t\t\t\t<div class=\"elementor-element elementor-element-2035c87 elementor-widget-tablet__width-inherit elementor-widget elementor-widget-text-editor\" data-id=\"2035c87\" data-element_type=\"widget\" data-e-type=\"widget\" data-widget_type=\"text-editor.default\">\n\t\t\t\t\t\t\t\t\t<p>Le fournisseur de services n'utilise pas l'application pour solliciter sciemment des donn\u00e9es ou faire du marketing aupr\u00e8s d'enfants de moins de 18 ans.<\/p><p>L'Application ne s'adresse pas aux personnes de moins de 18 ans. Le Prestataire ne collecte pas sciemment d'informations personnelles identifiables aupr\u00e8s d'enfants de moins de 18 ans. Si le Prestataire d\u00e9couvre qu'un enfant de moins de 18 ans a fourni des informations personnelles, il les supprimera imm\u00e9diatement de ses serveurs. Si vous \u00eates parent ou tuteur et que vous savez que votre enfant nous a fourni des informations personnelles, veuillez contacter le Prestataire.<span style=\"color: #0000ff;\"><a href=\"mailto:support@immediatealpha.ai\"><strong>support@immediatealpha.a<\/strong>i<\/a><\/span>) afin qu\u2019ils puissent prendre les mesures n\u00e9cessaires.<\/p>\t\t\t\t\t\t\t\t<\/div>\n\t\t\t\t<div class=\"elementor-element elementor-element-068f60b elementor-widget__width-initial elementor-widget elementor-widget-heading\" data-id=\"068f60b\" data-element_type=\"widget\" data-e-type=\"widget\" data-widget_type=\"heading.default\">\n\t\t\t\t\t<h2 class=\"elementor-heading-title elementor-size-default\">S\u00e9curit\u00e9\n<\/h2>\t\t\t\t<\/div>\n\t\t\t\t<div class=\"elementor-element elementor-element-1c85a67 elementor-widget-tablet__width-inherit elementor-widget elementor-widget-text-editor\" data-id=\"1c85a67\" data-element_type=\"widget\" data-e-type=\"widget\" data-widget_type=\"text-editor.default\">\n\t\t\t\t\t\t\t\t\tLe prestataire de services est soucieux de pr\u00e9server la confidentialit\u00e9 de vos informations. Le prestataire de services fournit des mesures de protection physiques, \u00e9lectroniques et proc\u00e9durales pour prot\u00e9ger les informations qu'il traite et conserve.\n\n\t\t\t\t\t\t\t\t<\/div>\n\t\t\t\t<div class=\"elementor-element elementor-element-ee69d7e elementor-widget__width-initial elementor-widget elementor-widget-heading\" data-id=\"ee69d7e\" data-element_type=\"widget\" data-e-type=\"widget\" data-widget_type=\"heading.default\">\n\t\t\t\t\t<h2 class=\"elementor-heading-title elementor-size-default\">Changements\n<\/h2>\t\t\t\t<\/div>\n\t\t\t\t<div class=\"elementor-element elementor-element-25dac7a elementor-widget-tablet__width-inherit elementor-widget elementor-widget-text-editor\" data-id=\"25dac7a\" data-element_type=\"widget\" data-e-type=\"widget\" data-widget_type=\"text-editor.default\">\n\t\t\t\t\t\t\t\t\t<p>Cette politique de confidentialit\u00e9 peut \u00eatre mise \u00e0 jour de temps \u00e0 autre pour quelque raison que ce soit. Le fournisseur de services vous informera de toute modification apport\u00e9e \u00e0 la politique de confidentialit\u00e9 en mettant \u00e0 jour cette page avec la nouvelle politique de confidentialit\u00e9. Il vous est conseill\u00e9 de consulter r\u00e9guli\u00e8rement cette politique de confidentialit\u00e9 pour prendre connaissance de tout changement, car l'utilisation continue est consid\u00e9r\u00e9e comme une approbation de tous les changements.<\/p>\t\t\t\t\t\t\t\t<\/div>\n\t\t\t\t<div class=\"elementor-element elementor-element-a3bf428 elementor-widget__width-initial elementor-widget elementor-widget-heading\" data-id=\"a3bf428\" data-element_type=\"widget\" data-e-type=\"widget\" data-widget_type=\"heading.default\">\n\t\t\t\t\t<h2 class=\"elementor-heading-title elementor-size-default\">Votre consentement\n<\/h2>\t\t\t\t<\/div>\n\t\t\t\t<div class=\"elementor-element elementor-element-2a90f7a elementor-widget-tablet__width-inherit elementor-widget elementor-widget-text-editor\" data-id=\"2a90f7a\" data-element_type=\"widget\" data-e-type=\"widget\" data-widget_type=\"text-editor.default\">\n\t\t\t\t\t\t\t\t\t<p>En utilisant l'Application, vous consentez au traitement de vos informations comme indiqu\u00e9 dans la pr\u00e9sente Politique de confidentialit\u00e9 actuelle et telle que modifi\u00e9e par nous.<\/p>\t\t\t\t\t\t\t\t<\/div>\n\t\t\t\t<div class=\"elementor-element elementor-element-1f45ac7 elementor-widget__width-initial elementor-widget elementor-widget-heading\" data-id=\"1f45ac7\" data-element_type=\"widget\" data-e-type=\"widget\" data-widget_type=\"heading.default\">\n\t\t\t\t\t<h2 class=\"elementor-heading-title elementor-size-default\">Contactez-nous\n<\/h2>\t\t\t\t<\/div>\n\t\t\t\t<div class=\"elementor-element elementor-element-b7c3dad elementor-widget-tablet__width-inherit elementor-widget elementor-widget-text-editor\" data-id=\"b7c3dad\" data-element_type=\"widget\" data-e-type=\"widget\" data-widget_type=\"text-editor.default\">\n\t\t\t\t\t\t\t\t\t<p>Si vous avez des questions concernant la confidentialit\u00e9 lors de l'utilisation de l'application, ou si vous avez des questions sur les pratiques, veuillez contacter le fournisseur de services par e-mail \u00e0 <strong><a href=\"mailto:support@immediatealpha.ai\">support@immediatealpha.ai<\/a><\/strong><\/p>\t\t\t\t\t\t\t\t<\/div>\n\t\t\t\t\t<\/div>\n\t\t\t\t<\/div>\n\t\t\t\t\t<\/div>\n\t\t\t\t<\/div>\n\t\t\t\t<\/div>","protected":false},"excerpt":{"rendered":"<p>Privacy Policy This privacy policy applies to the Immediate Alpha (hereby referred to as \u201cApplication\u201d) for mobile devices (hereby referred to as \u201cService Provider\u201d) as a Free service. This service is intended for use \u201cAS IS\u201d. Information we collect The personal information that you are asked to provide, and the reasons why you are asked [&hellip;]<\/p>\n","protected":false},"author":1,"featured_media":0,"parent":0,"menu_order":0,"comment_status":"closed","ping_status":"closed","template":"elementor_header_footer","meta":{"footnotes":""},"class_list":["post-216","page","type-page","status-publish","hentry"],"_links":{"self":[{"href":"https:\/\/immediatealpha.ai\/fr\/wp-json\/wp\/v2\/pages\/216","targetHints":{"allow":["GET"]}}],"collection":[{"href":"https:\/\/immediatealpha.ai\/fr\/wp-json\/wp\/v2\/pages"}],"about":[{"href":"https:\/\/immediatealpha.ai\/fr\/wp-json\/wp\/v2\/types\/page"}],"author":[{"embeddable":true,"href":"https:\/\/immediatealpha.ai\/fr\/wp-json\/wp\/v2\/users\/1"}],"replies":[{"embeddable":true,"href":"https:\/\/immediatealpha.ai\/fr\/wp-json\/wp\/v2\/comments?post=216"}],"version-history":[{"count":73,"href":"https:\/\/immediatealpha.ai\/fr\/wp-json\/wp\/v2\/pages\/216\/revisions"}],"predecessor-version":[{"id":1896,"href":"https:\/\/immediatealpha.ai\/fr\/wp-json\/wp\/v2\/pages\/216\/revisions\/1896"}],"wp:attachment":[{"href":"https:\/\/immediatealpha.ai\/fr\/wp-json\/wp\/v2\/media?parent=216"}],"curies":[{"name":"wp","href":"https:\/\/api.w.org\/{rel}","templated":true}]}}