{"id":210,"date":"2023-12-05T11:26:12","date_gmt":"2023-12-05T11:26:12","guid":{"rendered":"https:\/\/immediatealpha.ai\/?page_id=210"},"modified":"2025-12-12T06:13:08","modified_gmt":"2025-12-12T06:13:08","slug":"termini-e-condizioni","status":"publish","type":"page","link":"https:\/\/immediatealpha.ai\/it\/terms-and-conditions\/","title":{"rendered":"Termini e Condizioni"},"content":{"rendered":"<div data-elementor-type=\"wp-page\" data-elementor-id=\"210\" class=\"elementor elementor-210\" data-elementor-post-type=\"page\">\n\t\t\t\t<div class=\"elementor-element elementor-element-70e6c0a e-flex e-con-boxed e-con e-parent\" data-id=\"70e6c0a\" data-element_type=\"container\" data-e-type=\"container\" data-settings=\"{&quot;background_background&quot;:&quot;classic&quot;}\">\n\t\t\t\t\t<div class=\"e-con-inner\">\n\t\t\t\t<div class=\"elementor-element elementor-element-ac17557 elementor-widget__width-initial elementor-widget elementor-widget-heading\" data-id=\"ac17557\" data-element_type=\"widget\" data-e-type=\"widget\" data-widget_type=\"heading.default\">\n\t\t\t\t\t<h1 class=\"elementor-heading-title elementor-size-default\">Termini e condizioni<\/h1>\t\t\t\t<\/div>\n\t\t\t\t<div class=\"elementor-element elementor-element-1fbd49b elementor-widget-tablet__width-inherit elementor-widget elementor-widget-text-editor\" data-id=\"1fbd49b\" data-element_type=\"widget\" data-e-type=\"widget\" data-widget_type=\"text-editor.default\">\n\t\t\t\t\t\t\t\t\t<p>Benvenuti su Immediate Alpha, la vostra destinazione principale per i segnali di trading robot automatizzati. Utilizzando i nostri servizi, accettate di essere vincolati dai seguenti Termini e Condizioni. Vi preghiamo di leggerli attentamente prima di procedere con qualsiasi transazione o abbonamento.<\/p>\t\t\t\t\t\t\t\t<\/div>\n\t\t\t\t<div class=\"elementor-element elementor-element-a150e4e elementor-widget__width-initial elementor-widget elementor-widget-heading\" data-id=\"a150e4e\" data-element_type=\"widget\" data-e-type=\"widget\" data-widget_type=\"heading.default\">\n\t\t\t\t\t<h2 class=\"elementor-heading-title elementor-size-default\">Termini e Condizioni\n<\/h2>\t\t\t\t<\/div>\n\t\t\t\t<div class=\"elementor-element elementor-element-44df6c0 elementor-widget-tablet__width-inherit elementor-widget elementor-widget-text-editor\" data-id=\"44df6c0\" data-element_type=\"widget\" data-e-type=\"widget\" data-widget_type=\"text-editor.default\">\n\t\t\t\t\t\t\t\t\t<p>Accettazione dei Termini Accedendo o utilizzando Immediate Alpha, riconosci di aver letto, compreso e accettato di rispettare questi Termini e Condizioni. Se non sei d'accordo con una qualsiasi parte di questi termini, non devi utilizzare i nostri servizi.<br \/>Descrizione dei servizi, Immediate Alpha fornisce robot di trading online per vari mercati finanziari. I nostri algoritmi proprietari generano trading in base all'analisi di mercato. Tuttavia, tieni presente che le performance passate non garantiscono risultati futuri e il trading comporta dei rischi.<\/p>\t\t\t\t\t\t\t\t<\/div>\n\t\t\t\t<div class=\"elementor-element elementor-element-dfe12a7 elementor-widget-tablet__width-inherit elementor-widget elementor-widget-text-editor\" data-id=\"dfe12a7\" data-element_type=\"widget\" data-e-type=\"widget\" data-widget_type=\"text-editor.default\">\n\t\t\t\t\t\t\t\t\t<p>Idoneit\u00e0 dell'utente Devi avere almeno 18 anni ed essere legalmente idoneo a stipulare contratti per utilizzare i nostri servizi. Accedendo a Immediate Alpha, confermi di soddisfare questi requisiti e di essere responsabile del rispetto di tutte le leggi e normative applicabili nella tua giurisdizione.<\/p><p>Abbonamento e pagamento Per accedere ai nostri segnali di trading robot, potrebbe essere necessario abbonarsi a uno dei nostri piani di servizio. Le tariffe di abbonamento saranno chiaramente indicate sul nostro sito Web e accetti di pagare le tariffe specificate per la durata scelta. I pagamenti non sono rimborsabili e sei responsabile di eventuali tasse o spese sostenute in relazione alle transazioni.<\/p>\t\t\t\t\t\t\t\t<\/div>\n\t\t\t\t<div class=\"elementor-element elementor-element-80c50e7 elementor-widget-tablet__width-inherit elementor-widget elementor-widget-text-editor\" data-id=\"80c50e7\" data-element_type=\"widget\" data-e-type=\"widget\" data-widget_type=\"text-editor.default\">\n\t\t\t\t\t\t\t\t\t<p>Rischi e responsabilit\u00e0 Il trading comporta rischi finanziari e, sebbene il nostro robot miri a fornire informazioni accurate, non possiamo garantire profitti o prevenire perdite. Riconosci di essere l'unico responsabile dei risultati delle tue decisioni di trading e di qualsiasi conseguenza finanziaria derivante dall'utilizzo dei nostri servizi. Immediate Alpha, le sue affiliate e i suoi dipendenti non saranno ritenuti responsabili per eventuali perdite subite durante l'utilizzo dei nostri servizi.<\/p><p>Solo per uso personale I segnali forniti da Immediate Alpha sono solo per uso personale. \u00c8 severamente vietato ridistribuire, rivendere o altrimenti sfruttare commercialmente i nostri segnali senza il previo consenso scritto di Immediate Alpha.<\/p>\t\t\t\t\t\t\t\t<\/div>\n\t\t\t\t<div class=\"elementor-element elementor-element-0d051de elementor-widget-tablet__width-inherit elementor-widget elementor-widget-text-editor\" data-id=\"0d051de\" data-element_type=\"widget\" data-e-type=\"widget\" data-widget_type=\"text-editor.default\">\n\t\t\t\t\t\t\t\t\t<p>Condotta dell'utente Accetti di utilizzare i nostri servizi in conformit\u00e0 con tutte le leggi e i regolamenti applicabili. Non devi impegnarti in alcuna attivit\u00e0 che potrebbe interrompere, danneggiare o compromettere la funzionalit\u00e0 di Immediate Alpha<b>\u00a0<\/b>o i servizi associati.<\/p><p>Propriet\u00e0 intellettuale Tutti i contenuti, inclusi ma non limitati a loghi, marchi, testi, immagini e software utilizzati su Immediate Alpha, sono protetti dalle leggi sulla propriet\u00e0 intellettuale e sono di esclusiva propriet\u00e0 di Immediate Alpha o dei suoi licenziatari. Non puoi utilizzare, riprodurre, modificare o distribuire alcun contenuto senza il nostro espresso consenso scritto.<\/p><p>Cessazione dei Servizi Immediata Alpha<b>\u00a0<\/b>si riserva il diritto di sospendere o terminare l'accesso ai nostri servizi in qualsiasi momento e per qualsiasi motivo, incluso il sospetto di violazione dei presenti Termini e Condizioni o il coinvolgimento in attivit\u00e0 fraudolente.<\/p>\t\t\t\t\t\t\t\t<\/div>\n\t\t\t\t<div class=\"elementor-element elementor-element-2766159 elementor-widget-tablet__width-inherit elementor-widget elementor-widget-text-editor\" data-id=\"2766159\" data-element_type=\"widget\" data-e-type=\"widget\" data-widget_type=\"text-editor.default\">\n\t\t\t\t\t\t\t\t\t<p>Modifiche ai Termini Immediate Alpha pu\u00f2 aggiornare o modificare questi Termini e Condizioni in qualsiasi momento senza preavviso. Continuando a utilizzare i nostri servizi dopo tali modifiche, accetti di essere vincolato dai Termini e Condizioni aggiornati.<\/p><p>Informativa sulla privacy La tua privacy \u00e8 importante per noi. Ti preghiamo di fare riferimento alla nostra Informativa sulla privacy per comprendere come raccogliamo, utilizziamo e proteggiamo le tue informazioni personali.<\/p><p>Legge applicabile e giurisdizione I presenti Termini e Condizioni saranno regolati e interpretati in conformit\u00e0 con le leggi, senza riguardo ai principi di conflitto di leggi. Qualsiasi controversia derivante da o correlata a questi termini sar\u00e0 soggetta alla giurisdizione esclusiva dei tribunali.<\/p><p>Il robot con algoritmo di trading necessita del software di trading MetaTrader 5 e di un servizio di brokeraggio per eseguire ordini di acquisto e vendita e fornire liquidit\u00e0 quando necessario.<\/p>\t\t\t\t\t\t\t\t<\/div>\n\t\t\t\t<div class=\"elementor-element elementor-element-c5b630a elementor-widget-tablet__width-inherit elementor-widget elementor-widget-text-editor\" data-id=\"c5b630a\" data-element_type=\"widget\" data-e-type=\"widget\" data-widget_type=\"text-editor.default\">\n\t\t\t\t\t\t\t\t\t<p><strong>Il cliente deve leggere e accettare i termini e le condizioni del broker.<\/strong><\/p>\t\t\t\t\t\t\t\t<\/div>\n\t\t\t\t<div class=\"elementor-element elementor-element-adeeb93 elementor-widget-tablet__width-inherit elementor-widget elementor-widget-text-editor\" data-id=\"adeeb93\" data-element_type=\"widget\" data-e-type=\"widget\" data-widget_type=\"text-editor.default\">\n\t\t\t\t\t\t\t\t\t<p>Utilizzando Immediate Alpha, accetti i presenti Termini e Condizioni e non vediamo l'ora di fornirti un servizio di trading tramite robot. Per qualsiasi domanda o dubbio, contatta il nostro team di assistenza clienti all'indirizzo <strong><a href=\"mailto:support@immediatealpha.ai\">support@immediatealpha.ai<\/a><\/strong><\/p>\t\t\t\t\t\t\t\t<\/div>\n\t\t\t\t\t<\/div>\n\t\t\t\t<\/div>\n\t\t\t\t<\/div>","protected":false},"excerpt":{"rendered":"<p>Terms &amp; Conditions Welcome to Immediate Alpha, your premier destination for automated robot trading signals. By using our services, you agree to be bound by the following Terms and Conditions. Please read them carefully before proceeding with any transactions or subscriptions. Terms and Conditions Acceptance of Terms By accessing or using Immediate Alpha, you acknowledge [&hellip;]<\/p>\n","protected":false},"author":1,"featured_media":0,"parent":0,"menu_order":0,"comment_status":"closed","ping_status":"closed","template":"elementor_header_footer","meta":{"footnotes":""},"class_list":["post-210","page","type-page","status-publish","hentry"],"_links":{"self":[{"href":"https:\/\/immediatealpha.ai\/it\/wp-json\/wp\/v2\/pages\/210","targetHints":{"allow":["GET"]}}],"collection":[{"href":"https:\/\/immediatealpha.ai\/it\/wp-json\/wp\/v2\/pages"}],"about":[{"href":"https:\/\/immediatealpha.ai\/it\/wp-json\/wp\/v2\/types\/page"}],"author":[{"embeddable":true,"href":"https:\/\/immediatealpha.ai\/it\/wp-json\/wp\/v2\/users\/1"}],"replies":[{"embeddable":true,"href":"https:\/\/immediatealpha.ai\/it\/wp-json\/wp\/v2\/comments?post=210"}],"version-history":[{"count":55,"href":"https:\/\/immediatealpha.ai\/it\/wp-json\/wp\/v2\/pages\/210\/revisions"}],"predecessor-version":[{"id":1899,"href":"https:\/\/immediatealpha.ai\/it\/wp-json\/wp\/v2\/pages\/210\/revisions\/1899"}],"wp:attachment":[{"href":"https:\/\/immediatealpha.ai\/it\/wp-json\/wp\/v2\/media?parent=210"}],"curies":[{"name":"wp","href":"https:\/\/api.w.org\/{rel}","templated":true}]}}