{"id":210,"date":"2023-12-05T11:26:12","date_gmt":"2023-12-05T11:26:12","guid":{"rendered":"https:\/\/immediatealpha.ai\/?page_id=210"},"modified":"2025-12-12T06:13:08","modified_gmt":"2025-12-12T06:13:08","slug":"vilkar-og-betingelser","status":"publish","type":"page","link":"https:\/\/immediatealpha.ai\/nn\/terms-and-conditions\/","title":{"rendered":"Vilk\u00e5r og betingelser"},"content":{"rendered":"<div data-elementor-type=\"wp-page\" data-elementor-id=\"210\" class=\"elementor elementor-210\" data-elementor-post-type=\"page\">\n\t\t\t\t<div class=\"elementor-element elementor-element-70e6c0a e-flex e-con-boxed e-con e-parent\" data-id=\"70e6c0a\" data-element_type=\"container\" data-e-type=\"container\" data-settings=\"{&quot;background_background&quot;:&quot;classic&quot;}\">\n\t\t\t\t\t<div class=\"e-con-inner\">\n\t\t\t\t<div class=\"elementor-element elementor-element-ac17557 elementor-widget__width-initial elementor-widget elementor-widget-heading\" data-id=\"ac17557\" data-element_type=\"widget\" data-e-type=\"widget\" data-widget_type=\"heading.default\">\n\t\t\t\t\t<h1 class=\"elementor-heading-title elementor-size-default\">Vilk\u00e5r og betingelser<\/h1>\t\t\t\t<\/div>\n\t\t\t\t<div class=\"elementor-element elementor-element-1fbd49b elementor-widget-tablet__width-inherit elementor-widget elementor-widget-text-editor\" data-id=\"1fbd49b\" data-element_type=\"widget\" data-e-type=\"widget\" data-widget_type=\"text-editor.default\">\n\t\t\t\t\t\t\t\t\t<p>Velkommen til Immediate Alpha, din fremste destinasjon for automatiserte robothandelssignaler. Ved \u00e5 bruke v\u00e5re tjenester godtar du \u00e5 v\u00e6re bundet av f\u00f8lgende vilk\u00e5r og betingelser. Vennligst les dem n\u00f8ye f\u00f8r du fortsetter med transaksjoner eller abonnementer.<\/p>\t\t\t\t\t\t\t\t<\/div>\n\t\t\t\t<div class=\"elementor-element elementor-element-a150e4e elementor-widget__width-initial elementor-widget elementor-widget-heading\" data-id=\"a150e4e\" data-element_type=\"widget\" data-e-type=\"widget\" data-widget_type=\"heading.default\">\n\t\t\t\t\t<h2 class=\"elementor-heading-title elementor-size-default\">Vilk\u00e5r og betingelser\n<\/h2>\t\t\t\t<\/div>\n\t\t\t\t<div class=\"elementor-element elementor-element-44df6c0 elementor-widget-tablet__width-inherit elementor-widget elementor-widget-text-editor\" data-id=\"44df6c0\" data-element_type=\"widget\" data-e-type=\"widget\" data-widget_type=\"text-editor.default\">\n\t\t\t\t\t\t\t\t\t<p>Aksept av vilk\u00e5r Ved \u00e5 g\u00e5 inn p\u00e5 eller bruke Immediate Alpha, erkjenner du at du har lest, forst\u00e5tt og godtar \u00e5 overholde disse vilk\u00e5rene og betingelsene. Hvis du ikke godtar noen del av disse vilk\u00e5rene, m\u00e5 du ikke bruke tjenestene v\u00e5re.<br \/>Beskrivelse av tjenester, Immediate Alpha tilbyr online handelsroboter for ulike finansmarkeder. V\u00e5re propriet\u00e6re algoritmer genererer handel basert p\u00e5 markedsanalyse. V\u00e6r imidlertid oppmerksom p\u00e5 at tidligere resultater ikke garanterer fremtidige resultater, og handel inneb\u00e6rer risiko.<\/p>\t\t\t\t\t\t\t\t<\/div>\n\t\t\t\t<div class=\"elementor-element elementor-element-dfe12a7 elementor-widget-tablet__width-inherit elementor-widget elementor-widget-text-editor\" data-id=\"dfe12a7\" data-element_type=\"widget\" data-e-type=\"widget\" data-widget_type=\"text-editor.default\">\n\t\t\t\t\t\t\t\t\t<p>Brukerkvalifisering Du m\u00e5 v\u00e6re minst 18 \u00e5r gammel og lovlig kvalifisert til \u00e5 inng\u00e5 kontrakter for \u00e5 bruke tjenestene v\u00e5re. Ved \u00e5 g\u00e5 inn p\u00e5 Immediate Alpha bekrefter du at du oppfyller disse kravene og er ansvarlig for \u00e5 overholde alle gjeldende lover og forskrifter i din jurisdiksjon.<\/p><p>Abonnement og betaling For \u00e5 f\u00e5 tilgang til v\u00e5re robothandelssignaler, kan det hende du m\u00e5 abonnere p\u00e5 en av v\u00e5re tjenesteplaner. Abonnementsavgifter vil v\u00e6re tydelig angitt p\u00e5 nettstedet v\u00e5rt, og du godtar \u00e5 betale de spesifiserte avgiftene for den valgte varigheten. Betalinger kan ikke refunderes, og du er ansvarlig for eventuelle skatter eller avgifter som p\u00e5l\u00f8per i forbindelse med transaksjonene.<\/p>\t\t\t\t\t\t\t\t<\/div>\n\t\t\t\t<div class=\"elementor-element elementor-element-80c50e7 elementor-widget-tablet__width-inherit elementor-widget elementor-widget-text-editor\" data-id=\"80c50e7\" data-element_type=\"widget\" data-e-type=\"widget\" data-widget_type=\"text-editor.default\">\n\t\t\t\t\t\t\t\t\t<p>Risikoer og ansvar Handel inneb\u00e6rer \u00f8konomisk risiko, og mens roboten v\u00e5r har som m\u00e5l \u00e5 gi n\u00f8yaktig informasjon, kan vi ikke garantere fortjeneste eller forhindre tap. Du erkjenner at du er eneansvarlig for resultatene av dine handelsbeslutninger og eventuelle \u00f8konomiske konsekvenser som f\u00f8lge av bruk av tjenestene v\u00e5re. Immediate Alpha, dets tilknyttede selskaper og ansatte skal ikke holdes ansvarlige for eventuelle tap som oppst\u00e5r mens de bruker tjenestene v\u00e5re.<\/p><p>Kun personlig bruk Signalene gitt av Immediate Alpha er kun til personlig bruk. Du har strengt forbud mot \u00e5 videredistribuere, videreselge eller p\u00e5 annen m\u00e5te utnytte v\u00e5re signaler kommersielt uten skriftlig forh\u00e5ndstillatelse fra Immediate Alpha.<\/p>\t\t\t\t\t\t\t\t<\/div>\n\t\t\t\t<div class=\"elementor-element elementor-element-0d051de elementor-widget-tablet__width-inherit elementor-widget elementor-widget-text-editor\" data-id=\"0d051de\" data-element_type=\"widget\" data-e-type=\"widget\" data-widget_type=\"text-editor.default\">\n\t\t\t\t\t\t\t\t\t<p>Brukeratferd Du godtar \u00e5 bruke tjenestene v\u00e5re i samsvar med alle gjeldende lover og forskrifter. Du m\u00e5 ikke delta i noen aktivitet som kan forstyrre, skade eller svekke funksjonaliteten til Immediate Alpha<b>\u00a0<\/b>eller tilh\u00f8rende tjenester.<\/p><p>\u00c5ndsverk Alt innhold, inkludert men ikke begrenset til logoer, varemerker, tekster, bilder og programvare som brukes p\u00e5 Immediate Alpha, er beskyttet av lover om \u00e5ndsverk og er den eksklusive eiendommen til Immediate Alpha eller dets lisensgivere. Du kan ikke bruke, reprodusere, modifisere eller distribuere noe innhold uten v\u00e5rt uttrykkelige skriftlige samtykke.<\/p><p>Oppsigelse av tjenester Umiddelbar Alpha<b>\u00a0<\/b>forbeholder seg retten til \u00e5 suspendere eller avslutte din tilgang til tjenestene v\u00e5re n\u00e5r som helst og av hvilken som helst grunn, inkludert mistanke om brudd p\u00e5 disse vilk\u00e5rene og betingelsene eller delta i uredelige aktiviteter.<\/p>\t\t\t\t\t\t\t\t<\/div>\n\t\t\t\t<div class=\"elementor-element elementor-element-2766159 elementor-widget-tablet__width-inherit elementor-widget elementor-widget-text-editor\" data-id=\"2766159\" data-element_type=\"widget\" data-e-type=\"widget\" data-widget_type=\"text-editor.default\">\n\t\t\t\t\t\t\t\t\t<p>Endringer i vilk\u00e5rene Umiddelbar Alpha kan oppdatere eller endre disse vilk\u00e5rene og betingelsene n\u00e5r som helst uten forvarsel. Ved \u00e5 fortsette \u00e5 bruke tjenestene v\u00e5re etter slike endringer godtar du \u00e5 v\u00e6re bundet av de oppdaterte vilk\u00e5rene og betingelsene.<\/p><p>Personvernerkl\u00e6ring Ditt personvern er viktig for oss. Vennligst se v\u00e5r personvernerkl\u00e6ring for \u00e5 forst\u00e5 hvordan vi samler inn, bruker og beskytter din personlige informasjon.<\/p><p>Gjeldende lov og jurisdiksjon Disse vilk\u00e5rene og betingelsene skal styres av og tolkes i samsvar med lovene, uten hensyn til prinsippene om lovkonflikt. Eventuelle tvister som oppst\u00e5r fra eller relatert til disse vilk\u00e5rene skal v\u00e6re underlagt den eksklusive jurisdiksjonen til domstolene.<\/p><p>Handelsalgoritmeroboten krever MetaTrader 5-handelsprogramvare og en meglertjeneste for \u00e5 utf\u00f8re kj\u00f8ps- og salgsordrer og gi likviditet ved behov.<\/p>\t\t\t\t\t\t\t\t<\/div>\n\t\t\t\t<div class=\"elementor-element elementor-element-c5b630a elementor-widget-tablet__width-inherit elementor-widget elementor-widget-text-editor\" data-id=\"c5b630a\" data-element_type=\"widget\" data-e-type=\"widget\" data-widget_type=\"text-editor.default\">\n\t\t\t\t\t\t\t\t\t<p><strong>Kunden m\u00e5 lese og godta meglerens vilk\u00e5r og betingelser.<\/strong><\/p>\t\t\t\t\t\t\t\t<\/div>\n\t\t\t\t<div class=\"elementor-element elementor-element-adeeb93 elementor-widget-tablet__width-inherit elementor-widget elementor-widget-text-editor\" data-id=\"adeeb93\" data-element_type=\"widget\" data-e-type=\"widget\" data-widget_type=\"text-editor.default\">\n\t\t\t\t\t\t\t\t\t<p>Ved \u00e5 bruke Immediate Alpha godtar du disse vilk\u00e5rene og betingelsene, og vi ser frem til \u00e5 tilby deg en robothandelstjeneste. Hvis du har sp\u00f8rsm\u00e5l eller bekymringer, kan du kontakte kundesupportteamet v\u00e5rt p\u00e5 <strong><a href=\"mailto:support@immediatealpha.ai\">support@immediatealpha.ai<\/a><\/strong><\/p>\t\t\t\t\t\t\t\t<\/div>\n\t\t\t\t\t<\/div>\n\t\t\t\t<\/div>\n\t\t\t\t<\/div>","protected":false},"excerpt":{"rendered":"<p>Terms &amp; Conditions Welcome to Immediate Alpha, your premier destination for automated robot trading signals. By using our services, you agree to be bound by the following Terms and Conditions. Please read them carefully before proceeding with any transactions or subscriptions. Terms and Conditions Acceptance of Terms By accessing or using Immediate Alpha, you acknowledge [&hellip;]<\/p>\n","protected":false},"author":1,"featured_media":0,"parent":0,"menu_order":0,"comment_status":"closed","ping_status":"closed","template":"elementor_header_footer","meta":{"footnotes":""},"class_list":["post-210","page","type-page","status-publish","hentry"],"_links":{"self":[{"href":"https:\/\/immediatealpha.ai\/nn\/wp-json\/wp\/v2\/pages\/210","targetHints":{"allow":["GET"]}}],"collection":[{"href":"https:\/\/immediatealpha.ai\/nn\/wp-json\/wp\/v2\/pages"}],"about":[{"href":"https:\/\/immediatealpha.ai\/nn\/wp-json\/wp\/v2\/types\/page"}],"author":[{"embeddable":true,"href":"https:\/\/immediatealpha.ai\/nn\/wp-json\/wp\/v2\/users\/1"}],"replies":[{"embeddable":true,"href":"https:\/\/immediatealpha.ai\/nn\/wp-json\/wp\/v2\/comments?post=210"}],"version-history":[{"count":55,"href":"https:\/\/immediatealpha.ai\/nn\/wp-json\/wp\/v2\/pages\/210\/revisions"}],"predecessor-version":[{"id":1899,"href":"https:\/\/immediatealpha.ai\/nn\/wp-json\/wp\/v2\/pages\/210\/revisions\/1899"}],"wp:attachment":[{"href":"https:\/\/immediatealpha.ai\/nn\/wp-json\/wp\/v2\/media?parent=210"}],"curies":[{"name":"wp","href":"https:\/\/api.w.org\/{rel}","templated":true}]}}