{"id":216,"date":"2023-12-05T11:40:44","date_gmt":"2023-12-05T11:40:44","guid":{"rendered":"https:\/\/immediatealpha.ai\/?page_id=216"},"modified":"2025-12-12T06:12:13","modified_gmt":"2025-12-12T06:12:13","slug":"personvernerklaering","status":"publish","type":"page","link":"https:\/\/immediatealpha.ai\/nn\/privacy-policy\/","title":{"rendered":"Personvernerkl\u00e6ring"},"content":{"rendered":"<div data-elementor-type=\"wp-page\" data-elementor-id=\"216\" class=\"elementor elementor-216\" data-elementor-post-type=\"page\">\n\t\t\t\t<div class=\"elementor-element elementor-element-ccb7219 e-flex e-con-boxed e-con e-parent\" data-id=\"ccb7219\" data-element_type=\"container\" data-e-type=\"container\" data-settings=\"{&quot;background_background&quot;:&quot;classic&quot;}\">\n\t\t\t\t\t<div class=\"e-con-inner\">\n\t\t<div class=\"elementor-element elementor-element-f9cff46 e-flex e-con-boxed e-con e-child\" data-id=\"f9cff46\" data-element_type=\"container\" data-e-type=\"container\" data-settings=\"{&quot;background_background&quot;:&quot;classic&quot;}\">\n\t\t\t\t\t<div class=\"e-con-inner\">\n\t\t\t\t<div class=\"elementor-element elementor-element-69b419f elementor-widget__width-initial elementor-widget elementor-widget-heading\" data-id=\"69b419f\" data-element_type=\"widget\" data-e-type=\"widget\" data-widget_type=\"heading.default\">\n\t\t\t\t\t<h1 class=\"elementor-heading-title elementor-size-default\">Personvernerkl\u00e6ring<\/h1>\t\t\t\t<\/div>\n\t\t\t\t<div class=\"elementor-element elementor-element-18be79e elementor-widget-tablet__width-inherit elementor-widget elementor-widget-text-editor\" data-id=\"18be79e\" data-element_type=\"widget\" data-e-type=\"widget\" data-widget_type=\"text-editor.default\">\n\t\t\t\t\t\t\t\t\t<p>Denne personvernerkl\u00e6ringen gjelder for Immediate Alpha (herved referert til som \"applikasjon\") for mobile enheter (herved referert til som \"tjenesteleverand\u00f8r\") som en gratis tjeneste. Denne tjenesten er beregnet for bruk \"AS IS\".<\/p>\t\t\t\t\t\t\t\t<\/div>\n\t\t\t\t<div class=\"elementor-element elementor-element-d1e52e9 elementor-widget__width-initial elementor-widget elementor-widget-heading\" data-id=\"d1e52e9\" data-element_type=\"widget\" data-e-type=\"widget\" data-widget_type=\"heading.default\">\n\t\t\t\t\t<h2 class=\"elementor-heading-title elementor-size-default\">Informasjon vi samler inn\n<\/h2>\t\t\t\t<\/div>\n\t\t\t\t<div class=\"elementor-element elementor-element-1f07a3a elementor-widget-tablet__width-inherit elementor-widget elementor-widget-text-editor\" data-id=\"1f07a3a\" data-element_type=\"widget\" data-e-type=\"widget\" data-widget_type=\"text-editor.default\">\n\t\t\t\t\t\t\t\t\t<p>Personopplysningene du blir bedt om \u00e5 oppgi, og \u00e5rsakene til at du blir bedt om \u00e5 oppgi den, vil bli gjort klart for deg p\u00e5 det tidspunktet vi ber deg om \u00e5 oppgi personopplysningene dine. Hvis du kontakter oss direkte, kan vi motta tilleggsinformasjon om deg som navn, e-postadresse, telefonnummer, innholdet i meldingen og\/eller vedleggene du sender oss, og all annen informasjon du m\u00e5tte velge \u00e5 oppgi. N\u00e5r du registrerer deg for en konto, kan vi be om din kontaktinformasjon, inkludert elementer som navn, firmanavn, adresse, e-postadresse og telefonnummer.<\/p>\t\t\t\t\t\t\t\t<\/div>\n\t\t\t\t<div class=\"elementor-element elementor-element-c45a347 elementor-widget__width-initial elementor-widget elementor-widget-heading\" data-id=\"c45a347\" data-element_type=\"widget\" data-e-type=\"widget\" data-widget_type=\"heading.default\">\n\t\t\t\t\t<h2 class=\"elementor-heading-title elementor-size-default\">Informasjonsinnsamling og bruk\n<\/h2>\t\t\t\t<\/div>\n\t\t\t\t<div class=\"elementor-element elementor-element-d855726 elementor-widget-tablet__width-inherit elementor-widget elementor-widget-text-editor\" data-id=\"d855726\" data-element_type=\"widget\" data-e-type=\"widget\" data-widget_type=\"text-editor.default\">\n\t\t\t\t\t\t\t\t\t<p>Applikasjonen samler inn informasjon n\u00e5r du laster ned og bruker den. Denne informasjonen kan inneholde informasjon som f.eks<\/p><ul><li>Enhetens Internett-protokolladresse (f.eks. IP-adresse)<\/li><li>Tiden brukt p\u00e5 applikasjonen<\/li><li>Operativsystemet du bruker p\u00e5 mobilenheten din\u00a0<\/li><\/ul><p>Applikasjonen samler ikke inn n\u00f8yaktig informasjon om plasseringen av mobilenheten din.\u00a0<\/p><p>Tjenesteleverand\u00f8ren kan bruke informasjonen du oppga for \u00e5 kontakte deg fra tid til annen for \u00e5 gi deg viktig informasjon, n\u00f8dvendige varsler og markedsf\u00f8ringskampanjer.<\/p><p>For en bedre opplevelse, mens du bruker applikasjonen, kan tjenesteleverand\u00f8ren kreve at du gir oss visse personlig identifiserbare opplysninger, inkludert, men ikke begrenset til, fornavn, etternavn, e-post, telefonnummer. Informasjonen som tjenesteleverand\u00f8ren ber om, vil bli oppbevart av dem og brukt som beskrevet i denne personvernerkl\u00e6ringen.<\/p>\t\t\t\t\t\t\t\t<\/div>\n\t\t\t\t<div class=\"elementor-element elementor-element-9c18dd9 elementor-widget__width-initial elementor-widget elementor-widget-heading\" data-id=\"9c18dd9\" data-element_type=\"widget\" data-e-type=\"widget\" data-widget_type=\"heading.default\">\n\t\t\t\t\t<h2 class=\"elementor-heading-title elementor-size-default\">Tredjeparts tilgang\n<\/h2>\t\t\t\t<\/div>\n\t\t\t\t<div class=\"elementor-element elementor-element-49d000d elementor-widget-tablet__width-inherit elementor-widget elementor-widget-text-editor\" data-id=\"49d000d\" data-element_type=\"widget\" data-e-type=\"widget\" data-widget_type=\"text-editor.default\">\n\t\t\t\t\t\t\t\t\tKun aggregerte, anonymiserte data overf\u00f8res med jevne mellomrom til eksterne tjenester for \u00e5 hjelpe tjenesteleverand\u00f8ren med \u00e5 forbedre applikasjonen og tjenesten deres. Tjenesteleverand\u00f8ren kan dele informasjonen din med tredjeparter p\u00e5 m\u00e5tene som er beskrevet i denne personvernerkl\u00e6ringen.\n\nV\u00e6r oppmerksom p\u00e5 at applikasjonen bruker tredjepartstjenester som har sin egen personvernerkl\u00e6ring om h\u00e5ndtering av data. Nedenfor finner du lenkene til personvernerkl\u00e6ringen til tredjepartstjenesteleverand\u00f8rene som brukes av applikasjonen:\n<ul>\n \t<li>Google Play-tjenester<\/span><\/li>\n<\/ul>\nTjenesteleverand\u00f8ren kan avsl\u00f8re brukerlevert og automatisk innsamlet informasjon:\n<ul>\n \t<li>som kreves av loven, for eksempel for \u00e5 overholde en stevning, eller lignende juridisk prosess;<\/li>\n \t<li>n\u00e5r de i god tro mener at avsl\u00f8ring er n\u00f8dvendig for \u00e5 beskytte rettighetene deres, beskytte din eller andres sikkerhet, unders\u00f8ke svindel eller svare p\u00e5 en foresp\u00f8rsel fra myndighetene;<\/li>\n \t<li>med deres p\u00e5litelige tjenesteleverand\u00f8rer som jobber p\u00e5 deres vegne, ikke har en uavhengig bruk av informasjonen vi avsl\u00f8rer til dem, og har samtykket i \u00e5 f\u00f8lge reglene som er angitt i denne personvernerkl\u00e6ringen.<\/li>\n<\/ul>\t\t\t\t\t\t\t\t<\/div>\n\t\t\t\t<div class=\"elementor-element elementor-element-b5036a4 elementor-widget__width-initial elementor-widget elementor-widget-heading\" data-id=\"b5036a4\" data-element_type=\"widget\" data-e-type=\"widget\" data-widget_type=\"heading.default\">\n\t\t\t\t\t<h2 class=\"elementor-heading-title elementor-size-default\">Oppt-out-rettigheter\n<\/h2>\t\t\t\t<\/div>\n\t\t\t\t<div class=\"elementor-element elementor-element-616646a elementor-widget-tablet__width-inherit elementor-widget elementor-widget-text-editor\" data-id=\"616646a\" data-element_type=\"widget\" data-e-type=\"widget\" data-widget_type=\"text-editor.default\">\n\t\t\t\t\t\t\t\t\tDu kan enkelt stoppe all innsamling av informasjon fra applikasjonen ved \u00e5 avinstallere den. Du kan bruke standard avinstalleringsprosesser som kan v\u00e6re tilgjengelige som en del av din mobile enhet eller via mobilapplikasjonens markedsplass eller nettverk.\n\n\t\t\t\t\t\t\t\t<\/div>\n\t\t\t\t<div class=\"elementor-element elementor-element-9975331 elementor-widget__width-initial elementor-widget elementor-widget-heading\" data-id=\"9975331\" data-element_type=\"widget\" data-e-type=\"widget\" data-widget_type=\"heading.default\">\n\t\t\t\t\t<h2 class=\"elementor-heading-title elementor-size-default\">Retningslinjer for oppbevaring av data\n<\/h2>\t\t\t\t<\/div>\n\t\t\t\t<div class=\"elementor-element elementor-element-6719d53 elementor-widget-tablet__width-inherit elementor-widget elementor-widget-text-editor\" data-id=\"6719d53\" data-element_type=\"widget\" data-e-type=\"widget\" data-widget_type=\"text-editor.default\">\n\t\t\t\t\t\t\t\t\t<p>Tjenesteleverand\u00f8ren vil beholde brukerlevert data s\u00e5 lenge du bruker applikasjonen og i rimelig tid deretter. Hvis du vil at de skal slette brukerlevert data som du har oppgitt via applikasjonen, vennligst kontakt dem p\u00e5 <strong><a href=\"mailto:support@immediatealpha.ai\">support@immediatealpha.ai<\/a><\/strong> og de vil svare innen rimelig tid.<\/p>\t\t\t\t\t\t\t\t<\/div>\n\t\t\t\t<div class=\"elementor-element elementor-element-933efc2 elementor-widget__width-initial elementor-widget elementor-widget-heading\" data-id=\"933efc2\" data-element_type=\"widget\" data-e-type=\"widget\" data-widget_type=\"heading.default\">\n\t\t\t\t\t<h2 class=\"elementor-heading-title elementor-size-default\">Barn<\/h2>\t\t\t\t<\/div>\n\t\t\t\t<div class=\"elementor-element elementor-element-2035c87 elementor-widget-tablet__width-inherit elementor-widget elementor-widget-text-editor\" data-id=\"2035c87\" data-element_type=\"widget\" data-e-type=\"widget\" data-widget_type=\"text-editor.default\">\n\t\t\t\t\t\t\t\t\t<p>Tjenesteleverand\u00f8ren bruker ikke applikasjonen til bevisst \u00e5 be om data fra eller markedsf\u00f8re til barn under 18 \u00e5r.<\/p><p>Applikasjonen er ikke rettet mot personer under 18 \u00e5r. Tjenesteleverand\u00f8ren samler ikke bevisst inn personlig identifiserbar informasjon fra barn under 18 \u00e5r. Dersom tjenesteleverand\u00f8ren oppdager at et barn under 18 \u00e5r har oppgitt personopplysninger, vil tjenesteleverand\u00f8ren umiddelbart slette disse fra serverne sine. Hvis du er forelder eller verge og du er klar over at barnet ditt har oppgitt personopplysninger til oss, kan du kontakte tjenesteleverand\u00f8ren (<span style=\"color: #0000ff;\"><a href=\"mailto:support@immediatealpha.ai\"><strong>support@immediatealpha.a<\/strong>i<\/a><\/span>) slik at de vil v\u00e6re i stand til \u00e5 iverksette n\u00f8dvendige tiltak.<\/p>\t\t\t\t\t\t\t\t<\/div>\n\t\t\t\t<div class=\"elementor-element elementor-element-068f60b elementor-widget__width-initial elementor-widget elementor-widget-heading\" data-id=\"068f60b\" data-element_type=\"widget\" data-e-type=\"widget\" data-widget_type=\"heading.default\">\n\t\t\t\t\t<h2 class=\"elementor-heading-title elementor-size-default\">Sikkerhet\n<\/h2>\t\t\t\t<\/div>\n\t\t\t\t<div class=\"elementor-element elementor-element-1c85a67 elementor-widget-tablet__width-inherit elementor-widget elementor-widget-text-editor\" data-id=\"1c85a67\" data-element_type=\"widget\" data-e-type=\"widget\" data-widget_type=\"text-editor.default\">\n\t\t\t\t\t\t\t\t\tTjenesteleverand\u00f8ren er opptatt av \u00e5 ivareta konfidensialiteten til informasjonen din. Tjenesteleverand\u00f8ren gir fysiske, elektroniske og prosedyremessige sikkerhetstiltak for \u00e5 beskytte informasjon som tjenesteleverand\u00f8ren behandler og vedlikeholder.\n\n\t\t\t\t\t\t\t\t<\/div>\n\t\t\t\t<div class=\"elementor-element elementor-element-ee69d7e elementor-widget__width-initial elementor-widget elementor-widget-heading\" data-id=\"ee69d7e\" data-element_type=\"widget\" data-e-type=\"widget\" data-widget_type=\"heading.default\">\n\t\t\t\t\t<h2 class=\"elementor-heading-title elementor-size-default\">Endringer\n<\/h2>\t\t\t\t<\/div>\n\t\t\t\t<div class=\"elementor-element elementor-element-25dac7a elementor-widget-tablet__width-inherit elementor-widget elementor-widget-text-editor\" data-id=\"25dac7a\" data-element_type=\"widget\" data-e-type=\"widget\" data-widget_type=\"text-editor.default\">\n\t\t\t\t\t\t\t\t\t<p>Denne personvernerkl\u00e6ringen kan bli oppdatert fra tid til annen uansett \u00e5rsak. Tjenesteleverand\u00f8ren vil varsle deg om eventuelle endringer i personvernreglene ved \u00e5 oppdatere denne siden med de nye personvernreglene. Du anbefales \u00e5 konsultere denne personvernerkl\u00e6ringen regelmessig for eventuelle endringer, da fortsatt bruk anses som godkjenning av alle endringer.<\/p>\t\t\t\t\t\t\t\t<\/div>\n\t\t\t\t<div class=\"elementor-element elementor-element-a3bf428 elementor-widget__width-initial elementor-widget elementor-widget-heading\" data-id=\"a3bf428\" data-element_type=\"widget\" data-e-type=\"widget\" data-widget_type=\"heading.default\">\n\t\t\t\t\t<h2 class=\"elementor-heading-title elementor-size-default\">Ditt samtykke\n<\/h2>\t\t\t\t<\/div>\n\t\t\t\t<div class=\"elementor-element elementor-element-2a90f7a elementor-widget-tablet__width-inherit elementor-widget elementor-widget-text-editor\" data-id=\"2a90f7a\" data-element_type=\"widget\" data-e-type=\"widget\" data-widget_type=\"text-editor.default\">\n\t\t\t\t\t\t\t\t\t<p>Ved \u00e5 bruke applikasjonen samtykker du til behandlingen av opplysningene dine som angitt i denne personvernerkl\u00e6ringen n\u00e5 og som endret av oss.<\/p>\t\t\t\t\t\t\t\t<\/div>\n\t\t\t\t<div class=\"elementor-element elementor-element-1f45ac7 elementor-widget__width-initial elementor-widget elementor-widget-heading\" data-id=\"1f45ac7\" data-element_type=\"widget\" data-e-type=\"widget\" data-widget_type=\"heading.default\">\n\t\t\t\t\t<h2 class=\"elementor-heading-title elementor-size-default\">Kontakt oss\n<\/h2>\t\t\t\t<\/div>\n\t\t\t\t<div class=\"elementor-element elementor-element-b7c3dad elementor-widget-tablet__width-inherit elementor-widget elementor-widget-text-editor\" data-id=\"b7c3dad\" data-element_type=\"widget\" data-e-type=\"widget\" data-widget_type=\"text-editor.default\">\n\t\t\t\t\t\t\t\t\t<p>Hvis du har sp\u00f8rsm\u00e5l ang\u00e5ende personvern mens du bruker applikasjonen, eller har sp\u00f8rsm\u00e5l om praksisen, vennligst kontakt tjenesteleverand\u00f8ren via e-post p\u00e5 <strong><a href=\"mailto:support@immediatealpha.ai\">support@immediatealpha.ai<\/a><\/strong><\/p>\t\t\t\t\t\t\t\t<\/div>\n\t\t\t\t\t<\/div>\n\t\t\t\t<\/div>\n\t\t\t\t\t<\/div>\n\t\t\t\t<\/div>\n\t\t\t\t<\/div>","protected":false},"excerpt":{"rendered":"<p>Privacy Policy This privacy policy applies to the Immediate Alpha (hereby referred to as \u201cApplication\u201d) for mobile devices (hereby referred to as \u201cService Provider\u201d) as a Free service. This service is intended for use \u201cAS IS\u201d. Information we collect The personal information that you are asked to provide, and the reasons why you are asked [&hellip;]<\/p>\n","protected":false},"author":1,"featured_media":0,"parent":0,"menu_order":0,"comment_status":"closed","ping_status":"closed","template":"elementor_header_footer","meta":{"footnotes":""},"class_list":["post-216","page","type-page","status-publish","hentry"],"_links":{"self":[{"href":"https:\/\/immediatealpha.ai\/nn\/wp-json\/wp\/v2\/pages\/216","targetHints":{"allow":["GET"]}}],"collection":[{"href":"https:\/\/immediatealpha.ai\/nn\/wp-json\/wp\/v2\/pages"}],"about":[{"href":"https:\/\/immediatealpha.ai\/nn\/wp-json\/wp\/v2\/types\/page"}],"author":[{"embeddable":true,"href":"https:\/\/immediatealpha.ai\/nn\/wp-json\/wp\/v2\/users\/1"}],"replies":[{"embeddable":true,"href":"https:\/\/immediatealpha.ai\/nn\/wp-json\/wp\/v2\/comments?post=216"}],"version-history":[{"count":73,"href":"https:\/\/immediatealpha.ai\/nn\/wp-json\/wp\/v2\/pages\/216\/revisions"}],"predecessor-version":[{"id":1896,"href":"https:\/\/immediatealpha.ai\/nn\/wp-json\/wp\/v2\/pages\/216\/revisions\/1896"}],"wp:attachment":[{"href":"https:\/\/immediatealpha.ai\/nn\/wp-json\/wp\/v2\/media?parent=216"}],"curies":[{"name":"wp","href":"https:\/\/api.w.org\/{rel}","templated":true}]}}